{"id":12675,"date":"2024-11-06T14:58:26","date_gmt":"2024-11-06T13:58:26","guid":{"rendered":"https:\/\/polytech-nancy.univ-lorraine.fr\/?page_id=12675"},"modified":"2024-11-06T15:08:41","modified_gmt":"2024-11-06T14:08:41","slug":"admission-to-the-preparatory-cycle-3","status":"publish","type":"page","link":"https:\/\/polytech-nancy.univ-lorraine.fr\/en\/admission\/admission-to-the-preparatory-cycle-3\/","title":{"rendered":"Admission to the preparatory cycle"},"content":{"rendered":"\t\t<div data-elementor-type=\"wp-page\" data-elementor-id=\"12675\" class=\"elementor elementor-12675 elementor-12674\" data-elementor-post-type=\"page\">\n\t\t\t\t<div class=\"elementor-element elementor-element-78cd92c1 e-con-full e-flex e-con e-parent\" data-id=\"78cd92c1\" data-element_type=\"container\" data-e-type=\"container\">\n\t\t<div class=\"elementor-element elementor-element-672c6364 e-con-full e-flex e-con e-child\" data-id=\"672c6364\" data-element_type=\"container\" data-e-type=\"container\" data-settings=\"{&quot;background_background&quot;:&quot;classic&quot;}\">\n\t\t\t\t<\/div>\n\t\t<div class=\"elementor-element elementor-element-74a80739 e-con-full e-flex e-con e-child\" data-id=\"74a80739\" data-element_type=\"container\" data-e-type=\"container\" data-settings=\"{&quot;background_background&quot;:&quot;classic&quot;}\">\n\t\t\t\t<div class=\"elementor-element elementor-element-1f778416 elementor-widget elementor-widget-heading\" data-id=\"1f778416\" data-element_type=\"widget\" data-e-type=\"widget\" data-widget_type=\"heading.default\">\n\t\t\t\t\t<h2 class=\"elementor-heading-title elementor-size-default\">Admission<\/h2>\t\t\t\t<\/div>\n\t\t\t\t<div class=\"elementor-element elementor-element-4cde1915 elementor-widget elementor-widget-heading\" data-id=\"4cde1915\" data-element_type=\"widget\" data-e-type=\"widget\" data-widget_type=\"heading.default\">\n\t\t\t\t\t<h1 class=\"elementor-heading-title elementor-size-default\">En 1\u00e8re ann\u00e9e de cycle pr\u00e9paratoire<\/h1>\t\t\t\t<\/div>\n\t\t\t\t<\/div>\n\t\t\t\t<\/div>\n\t\t<div class=\"elementor-element elementor-element-1a571e7b e-flex e-con-boxed e-con e-parent\" data-id=\"1a571e7b\" data-element_type=\"container\" data-e-type=\"container\">\n\t\t\t\t\t<div class=\"e-con-inner\">\n\t\t\t\t<div class=\"elementor-element elementor-element-100831a9 elementor-widget elementor-widget-breadcrumbs\" data-id=\"100831a9\" data-element_type=\"widget\" data-e-type=\"widget\" data-widget_type=\"breadcrumbs.default\">\n\t\t\t\t\t<p id=\"breadcrumbs\"><span><span><a href=\"https:\/\/polytech-nancy.univ-lorraine.fr\/en\/\">Home<\/a><\/span><\/span><\/p>\t\t\t\t<\/div>\n\t\t<div class=\"elementor-element elementor-element-5bab41f7 e-flex e-con-boxed e-con e-child\" data-id=\"5bab41f7\" data-element_type=\"container\" data-e-type=\"container\">\n\t\t\t\t\t<div class=\"e-con-inner\">\n\t\t<div class=\"elementor-element elementor-element-41c54786 e-con-full e-flex e-con e-child\" data-id=\"41c54786\" data-element_type=\"container\" data-e-type=\"container\">\n\t\t<div class=\"elementor-element elementor-element-1ad87e8c e-flex e-con-boxed e-con e-child\" data-id=\"1ad87e8c\" data-element_type=\"container\" data-e-type=\"container\">\n\t\t\t\t\t<div class=\"e-con-inner\">\n\t\t\t\t<div class=\"elementor-element elementor-element-31b1cb35 elementor-widget elementor-widget-heading\" data-id=\"31b1cb35\" data-element_type=\"widget\" data-e-type=\"widget\" data-widget_type=\"heading.default\">\n\t\t\t\t\t<h2 class=\"elementor-heading-title elementor-size-default\">Int\u00e9grez Polytech Nancy en 1<sup>re<\/sup> ann\u00e9e<\/h2>\t\t\t\t<\/div>\n\t\t\t\t<div class=\"elementor-element elementor-element-7c42378 elementor-widget elementor-widget-image\" data-id=\"7c42378\" data-element_type=\"widget\" data-e-type=\"widget\" data-widget_type=\"image.default\">\n\t\t\t\t\t\t\t\t\t\t\t\t\t\t\t<img fetchpriority=\"high\" decoding=\"async\" width=\"800\" height=\"800\" src=\"https:\/\/polytech-nancy.univ-lorraine.fr\/wp-content\/uploads\/geipi-polytech-rvb.svg\" class=\"attachment-large size-large wp-image-5184\" alt=\"Logo Geipi Polytech\" \/>\t\t\t\t\t\t\t\t\t\t\t\t\t\t\t<\/div>\n\t\t\t\t<div class=\"elementor-element elementor-element-7c10dba elementor-widget elementor-widget-text-editor\" data-id=\"7c10dba\" data-element_type=\"widget\" data-e-type=\"widget\" data-widget_type=\"text-editor.default\">\n\t\t\t\t\t\t\t\t\t<ul>\n<li>Le Concours Geipi Polytech permet d&#8217;int\u00e9grer Polytech Nancy d\u00e8s le Bac : 144 places sont ouvertes en 1<sup>re<\/sup> ann\u00e9e \u00e0 la rentr\u00e9e 2025<\/li>\n<li>Le Concours Geipi Polytech est un concours commun d&#8217;entr\u00e9e dans 35 \u00e9coles publiques d&#8217;ing\u00e9nieurs postbac<\/li>\n<li>Le Concours Geipi Polytech est ouvert aux \u00e9l\u00e8ves de Terminale G\u00e9n\u00e9rale de lyc\u00e9es fran\u00e7ais ou homologu\u00e9s AEFE et aux titulaires du Bac G\u00e9n\u00e9ral 2024 de lyc\u00e9es fran\u00e7ais ou homologu\u00e9s AEFE<\/li>\n<li>Dur\u00e9e des \u00e9tudes\u00a0: 5 ans dont<strong> 2 ans de cycle pr\u00e9paratoire <a href=\"https:\/\/polytech-nancy.univ-lorraine.fr\/formation\/cycle-preparatoire\/\" target=\"_blank\" rel=\"noopener\">PeiP*<\/a> qui se d\u00e9roulent sur le site de Polytech Nancy<\/strong> \u00e0 Vandoeuvre-l\u00e8s-Nancy.<br \/><em>*PeiP : Parcours des \u00e9coles d\u2019ing\u00e9nieurs Polytech<\/em><\/li>\n<li>La validation du PeiP donne un acc\u00e8s direct aux<strong> <a href=\"https:\/\/polytech-nancy.univ-lorraine.fr\/la-formation-a-polytech-nancy\/cycle-ingenieur\/\">Sp\u00e9cialit\u00e9s Ing\u00e9nieur<\/a><\/strong> de Polytech Nancy et aux 100 autres Sp\u00e9cialit\u00e9s du R\u00e9seau Polytech (except\u00e9es certaines sp\u00e9cialit\u00e9s en biologie).<\/li>\n<\/ul>\n\t\t\t\t\t\t\t\t<\/div>\n\t\t\t\t<div class=\"elementor-element elementor-element-20dab373 elementor-widget elementor-widget-heading\" data-id=\"20dab373\" data-element_type=\"widget\" data-e-type=\"widget\" data-widget_type=\"heading.default\">\n\t\t\t\t\t<h3 class=\"elementor-heading-title elementor-size-default\">Inscription au Concours Geipi Polytech<\/h3>\t\t\t\t<\/div>\n\t\t\t\t<div class=\"elementor-element elementor-element-735bb57 elementor-widget elementor-widget-text-editor\" data-id=\"735bb57\" data-element_type=\"widget\" data-e-type=\"widget\" data-widget_type=\"text-editor.default\">\n\t\t\t\t\t\t\t\t\t<ul>\n<li>Du 15 janvier au 13 mars 2025 sur la Plateforme <a href=\"http:\/\/www.parcoursup.fr\" target=\"_blank\" rel=\"noopener\">Parcoursup<\/a><\/li>\n<li>Validation du Voeu Geipi Polytech \u00e0 faire sur Parcoursup avant le 2 avril 2025<\/li>\n<li>Le Concours Geipi Polytech ne repr\u00e9sente qu&#8217;un v\u0153u sur Parcoursup<\/li>\n<\/ul>\n\t\t\t\t\t\t\t\t<\/div>\n\t\t\t\t<div class=\"elementor-element elementor-element-3ccdf61 elementor-widget elementor-widget-heading\" data-id=\"3ccdf61\" data-element_type=\"widget\" data-e-type=\"widget\" data-widget_type=\"heading.default\">\n\t\t\t\t\t<h3 class=\"elementor-heading-title elementor-size-default\">R\u00e9sultats<\/h3>\t\t\t\t<\/div>\n\t\t\t\t<div class=\"elementor-element elementor-element-3fa6250 elementor-widget elementor-widget-text-editor\" data-id=\"3fa6250\" data-element_type=\"widget\" data-e-type=\"widget\" data-widget_type=\"text-editor.default\">\n\t\t\t\t\t\t\t\t\t<p>Les r\u00e9sultats seront disponibles <strong>fin mai-d\u00e9but juin 2025<\/strong>, lors des phases d&#8217;admission sur le site <a href=\"https:\/\/www.parcoursup.gouv.fr\/\">Parcoursup<\/a>.<br \/>Les candidats admis et qui valident un OUI pour Polytech Nancy int\u00e8grent l&#8217;\u00e9cole \u00e0 condition d&#8217;\u00eatre titulaires du Baccalaur\u00e9at \u00e0 la rentr\u00e9e 2025.<\/p>\n\t\t\t\t\t\t\t\t<\/div>\n\t\t\t\t<div class=\"elementor-element elementor-element-4b4059c elementor-widget elementor-widget-heading\" data-id=\"4b4059c\" data-element_type=\"widget\" data-e-type=\"widget\" data-widget_type=\"heading.default\">\n\t\t\t\t\t<h3 class=\"elementor-heading-title elementor-size-default\">En savoir plus<\/h3>\t\t\t\t<\/div>\n\t\t\t\t<div class=\"elementor-element elementor-element-6a8afc4 elementor-widget elementor-widget-text-editor\" data-id=\"6a8afc4\" data-element_type=\"widget\" data-e-type=\"widget\" data-widget_type=\"text-editor.default\">\n\t\t\t\t\t\t\t\t\t<p>\u25ba Site web du <a href=\"http:\/\/www.geipi-polytech.org\" target=\"_blank\" rel=\"noopener\">Concours Geipi Polytech<\/a><br \/>\u25ba <a href=\"https:\/\/geipi-polytech.en-virtuel.fr\/2021\" target=\"_blank\" rel=\"noopener\">Plateforme virtuelle Geipi Polytech<\/a> : avec les stands des 35 \u00e9coles du Groupement Geipi Polytech<\/p>\n\t\t\t\t\t\t\t\t<\/div>\n\t\t<div class=\"elementor-element elementor-element-22658b9 mu-insert mu-insert_contrast-dark e-flex e-con-boxed e-con e-child\" data-id=\"22658b9\" data-element_type=\"container\" data-e-type=\"container\" data-settings=\"{&quot;background_background&quot;:&quot;classic&quot;}\">\n\t\t\t\t\t<div class=\"e-con-inner\">\n\t\t\t\t<div class=\"elementor-element elementor-element-0f74528 elementor-widget elementor-widget-heading\" data-id=\"0f74528\" data-element_type=\"widget\" data-e-type=\"widget\" data-widget_type=\"heading.default\">\n\t\t\t\t\t<h3 class=\"elementor-heading-title elementor-size-default\">Apr\u00e8s un Bac \u00e9tranger<\/h3>\t\t\t\t<\/div>\n\t\t\t\t<div class=\"elementor-element elementor-element-a08089a elementor-widget elementor-widget-text-editor\" data-id=\"a08089a\" data-element_type=\"widget\" data-e-type=\"widget\" data-widget_type=\"text-editor.default\">\n\t\t\t\t\t\t\t\t\t<p>Les \u00e9tudiants titulaires d&#8217;un Baccalaur\u00e9at \u00e9tranger ne peuvent pas int\u00e9grer Polytech Nancy en 1<sup>re<\/sup> ann\u00e9e, mais certaines Ecoles du R\u00e9seau Polytech recrutent des Bacheliers \u00e9trangers.<br \/>Consultez le <a href=\"https:\/\/www.polytech-reseau.org\/international_peip\/\" target=\"_blank\" rel=\"noopener\">site du R\u00e9seau Polytech<\/a><\/p>\n\t\t\t\t\t\t\t\t<\/div>\n\t\t\t\t<div class=\"elementor-element elementor-element-ba0ce12 elementor-widget elementor-widget-heading\" data-id=\"ba0ce12\" data-element_type=\"widget\" data-e-type=\"widget\" data-widget_type=\"heading.default\">\n\t\t\t\t\t<h3 class=\"elementor-heading-title elementor-size-default\">Apr\u00e8s des \u00e9tudes secondaires au Luxembourg<\/h3>\t\t\t\t<\/div>\n\t\t\t\t<div class=\"elementor-element elementor-element-ee689aa elementor-widget elementor-widget-text-editor\" data-id=\"ee689aa\" data-element_type=\"widget\" data-e-type=\"widget\" data-widget_type=\"text-editor.default\">\n\t\t\t\t\t\t\t\t\t<p>Les lyc\u00e9ens en classe scientifique dans un lyc\u00e9e luxembourgeois peuvent int\u00e9grer Polytech Nancy en 1<sup>re<\/sup> ann\u00e9e, apr\u00e8s \u00e9tude du dossier et entretien de motivation.<br \/>Cette possibilit\u00e9 est aussi ouverte aux lyc\u00e9ens francophones de Belgique et d&#8217;Allemagne.<br \/>Dossier \u00e0 retourner au Service Concours <strong>avant le 31 mars 2025<\/strong>.<\/p>\n<p>\u25ba T\u00e9l\u00e9charger le <a href=\"https:\/\/polytech-nancy.univ-lorraine.fr\/wp-content\/uploads\/Dossier-inscription-Etudiants-Lux-2024-2025-1.pdf\">Dossier d&#8217;inscription<\/a><br \/>\u25ba Contact : <a href=\"mailto:polytech-nancy-concours@univ-lorraine.fr\">polytech-nancy-concours@univ-lorraine.fr<\/a><\/p>\n\t\t\t\t\t\t\t\t<\/div>\n\t\t\t\t\t<\/div>\n\t\t\t\t<\/div>\n\t\t\t\t\t<\/div>\n\t\t\t\t<\/div>\n\t\t\t\t<\/div>\n\t\t<div class=\"elementor-element elementor-element-7f5aeb4d e-flex e-con-boxed e-con e-child\" data-id=\"7f5aeb4d\" data-element_type=\"container\" data-e-type=\"container\">\n\t\t\t\t\t<div class=\"e-con-inner\">\n\t\t<div class=\"elementor-element elementor-element-20606233 e-con-full jedv-enabled--yes e-flex e-con e-child\" data-id=\"20606233\" data-element_type=\"container\" data-e-type=\"container\">\n\t\t\t\t<div class=\"elementor-element elementor-element-681e3c54 elementor-widget elementor-widget-jet-listing-grid\" data-id=\"681e3c54\" data-element_type=\"widget\" data-e-type=\"widget\" data-settings=\"{&quot;columns&quot;:&quot;1&quot;}\" data-widget_type=\"jet-listing-grid.default\">\n\t\t\t\t\t<div class=\"jet-listing-grid jet-listing-grid--lazy-load jet-listing jet-listing-grid-loading\" data-lazy-load=\"{&quot;offset&quot;:&quot;200px&quot;,&quot;post_id&quot;:12675,&quot;queried_id&quot;:&quot;12675|WP_Post&quot;}\"><div class=\"jet-listing-grid__loader\"><div class=\"jet-listing-grid__loader-spinner\"><\/div><\/div><\/div>\t\t\t\t<\/div>\n\t\t\t\t<\/div>\n\t\t<div class=\"elementor-element elementor-element-79a4a918 e-con-full jedv-enabled--yes e-flex e-con e-child\" data-id=\"79a4a918\" data-element_type=\"container\" data-e-type=\"container\">\n\t\t\t\t<div class=\"elementor-element elementor-element-5892827a elementor-widget elementor-widget-jet-listing-grid\" data-id=\"5892827a\" data-element_type=\"widget\" data-e-type=\"widget\" data-settings=\"{&quot;columns&quot;:&quot;1&quot;}\" data-widget_type=\"jet-listing-grid.default\">\n\t\t\t\t\t<div class=\"jet-listing-grid jet-listing-grid--lazy-load jet-listing jet-listing-grid-loading\" data-lazy-load=\"{&quot;offset&quot;:&quot;200px&quot;,&quot;post_id&quot;:12675,&quot;queried_id&quot;:&quot;12675|WP_Post&quot;}\"><div class=\"jet-listing-grid__loader\"><div class=\"jet-listing-grid__loader-spinner\"><\/div><\/div><\/div>\t\t\t\t<\/div>\n\t\t\t\t<\/div>\n\t\t\t\t\t<\/div>\n\t\t\t\t<\/div>\n\t\t\t\t\t<\/div>\n\t\t\t\t<\/div>\n\t\t\t\t\t<\/div>\n\t\t\t\t<\/div>\n\t\t\t\t<\/div>\n\t\t","protected":false},"excerpt":{"rendered":"<p>Admission En 1\u00e8re ann\u00e9e de cycle pr\u00e9paratoire Int\u00e9grez Polytech Nancy en 1re ann\u00e9e Le Concours Geipi Polytech permet d&#8217;int\u00e9grer Polytech Nancy d\u00e8s le Bac : 144 places sont ouvertes en 1re ann\u00e9e \u00e0 la rentr\u00e9e 2025 Le Concours Geipi Polytech est un concours commun d&#8217;entr\u00e9e dans 35 \u00e9coles publiques d&#8217;ing\u00e9nieurs postbac Le Concours Geipi Polytech [&hellip;]<\/p>\n","protected":false},"author":4,"featured_media":12698,"parent":5425,"menu_order":1,"comment_status":"closed","ping_status":"closed","template":"","meta":{"inline_featured_image":false,"footnotes":""},"class_list":["post-12675","page","type-page","status-publish","has-post-thumbnail","hentry"],"yoast_head":"<!-- This site is optimized with the Yoast SEO plugin v27.4 - https:\/\/yoast.com\/product\/yoast-seo-wordpress\/ -->\n<title>Admission to the preparatory cycle - Polytech Nancy<\/title>\n<meta name=\"robots\" content=\"index, follow, max-snippet:-1, max-image-preview:large, max-video-preview:-1\" \/>\n<link rel=\"canonical\" href=\"https:\/\/polytech-nancy.univ-lorraine.fr\/en\/admission\/admission-to-the-preparatory-cycle-3\/\" \/>\n<meta property=\"og:locale\" content=\"en_US\" \/>\n<meta property=\"og:type\" content=\"article\" \/>\n<meta property=\"og:title\" content=\"Admission to the preparatory cycle - Polytech Nancy\" \/>\n<meta property=\"og:description\" content=\"Admission En 1\u00e8re ann\u00e9e de cycle pr\u00e9paratoire Int\u00e9grez Polytech Nancy en 1re ann\u00e9e Le Concours Geipi Polytech permet d&#8217;int\u00e9grer Polytech Nancy d\u00e8s le Bac : 144 places sont ouvertes en 1re ann\u00e9e \u00e0 la rentr\u00e9e 2025 Le Concours Geipi Polytech est un concours commun d&#8217;entr\u00e9e dans 35 \u00e9coles publiques d&#8217;ing\u00e9nieurs postbac Le Concours Geipi Polytech [&hellip;]\" \/>\n<meta property=\"og:url\" content=\"https:\/\/polytech-nancy.univ-lorraine.fr\/en\/admission\/admission-to-the-preparatory-cycle-3\/\" \/>\n<meta property=\"og:site_name\" content=\"Polytech Nancy\" \/>\n<meta property=\"article:publisher\" content=\"https:\/\/www.facebook.com\/PolytechNancy\/\" \/>\n<meta property=\"article:modified_time\" content=\"2024-11-06T14:08:41+00:00\" \/>\n<meta property=\"og:image\" content=\"https:\/\/polytech-nancy.univ-lorraine.fr\/wp-content\/uploads\/logo-polytech-nancy-fallback.png\" \/>\n\t<meta property=\"og:image:width\" content=\"1200\" \/>\n\t<meta property=\"og:image:height\" content=\"675\" \/>\n\t<meta property=\"og:image:type\" content=\"image\/png\" \/>\n<meta name=\"twitter:card\" content=\"summary_large_image\" \/>\n<meta name=\"twitter:site\" content=\"@PolytechNancy\" \/>\n<meta name=\"twitter:label1\" content=\"Est. reading time\" \/>\n\t<meta name=\"twitter:data1\" content=\"1 minute\" \/>\n<script type=\"application\/ld+json\" class=\"yoast-schema-graph\">{\"@context\":\"https:\\\/\\\/schema.org\",\"@graph\":[{\"@type\":\"WebPage\",\"@id\":\"https:\\\/\\\/polytech-nancy.univ-lorraine.fr\\\/en\\\/admission\\\/admission-to-the-preparatory-cycle-3\\\/\",\"url\":\"https:\\\/\\\/polytech-nancy.univ-lorraine.fr\\\/en\\\/admission\\\/admission-to-the-preparatory-cycle-3\\\/\",\"name\":\"Admission to the preparatory cycle - Polytech Nancy\",\"isPartOf\":{\"@id\":\"https:\\\/\\\/polytech-nancy.univ-lorraine.fr\\\/en\\\/#website\"},\"primaryImageOfPage\":{\"@id\":\"https:\\\/\\\/polytech-nancy.univ-lorraine.fr\\\/en\\\/admission\\\/admission-to-the-preparatory-cycle-3\\\/#primaryimage\"},\"image\":{\"@id\":\"https:\\\/\\\/polytech-nancy.univ-lorraine.fr\\\/en\\\/admission\\\/admission-to-the-preparatory-cycle-3\\\/#primaryimage\"},\"thumbnailUrl\":\"https:\\\/\\\/polytech-nancy.univ-lorraine.fr\\\/wp-content\\\/uploads\\\/TP-CAO-Catia1_2A-reduit.jpg\",\"datePublished\":\"2024-11-06T13:58:26+00:00\",\"dateModified\":\"2024-11-06T14:08:41+00:00\",\"breadcrumb\":{\"@id\":\"https:\\\/\\\/polytech-nancy.univ-lorraine.fr\\\/en\\\/admission\\\/admission-to-the-preparatory-cycle-3\\\/#breadcrumb\"},\"inLanguage\":\"en-US\",\"potentialAction\":[{\"@type\":\"ReadAction\",\"target\":[\"https:\\\/\\\/polytech-nancy.univ-lorraine.fr\\\/en\\\/admission\\\/admission-to-the-preparatory-cycle-3\\\/\"]}]},{\"@type\":\"ImageObject\",\"inLanguage\":\"en-US\",\"@id\":\"https:\\\/\\\/polytech-nancy.univ-lorraine.fr\\\/en\\\/admission\\\/admission-to-the-preparatory-cycle-3\\\/#primaryimage\",\"url\":\"https:\\\/\\\/polytech-nancy.univ-lorraine.fr\\\/wp-content\\\/uploads\\\/TP-CAO-Catia1_2A-reduit.jpg\",\"contentUrl\":\"https:\\\/\\\/polytech-nancy.univ-lorraine.fr\\\/wp-content\\\/uploads\\\/TP-CAO-Catia1_2A-reduit.jpg\",\"width\":2000,\"height\":1333,\"caption\":\"TP CAO PeiP 2e ann\u00e9e\"},{\"@type\":\"BreadcrumbList\",\"@id\":\"https:\\\/\\\/polytech-nancy.univ-lorraine.fr\\\/en\\\/admission\\\/admission-to-the-preparatory-cycle-3\\\/#breadcrumb\",\"itemListElement\":[{\"@type\":\"ListItem\",\"position\":1,\"name\":\"Home\",\"item\":\"https:\\\/\\\/polytech-nancy.univ-lorraine.fr\\\/en\\\/\"},{\"@type\":\"ListItem\",\"position\":2,\"name\":\"Admission\",\"item\":\"https:\\\/\\\/polytech-nancy.univ-lorraine.fr\\\/en\\\/admission\\\/\"},{\"@type\":\"ListItem\",\"position\":3,\"name\":\"Admission to the preparatory cycle\"}]},{\"@type\":\"WebSite\",\"@id\":\"https:\\\/\\\/polytech-nancy.univ-lorraine.fr\\\/en\\\/#website\",\"url\":\"https:\\\/\\\/polytech-nancy.univ-lorraine.fr\\\/en\\\/\",\"name\":\"Polytech Nancy\",\"description\":\"\u00c9cole d&#039;ing\u00e9nieurs publique de l&#039;Universit\u00e9 de Lorraine\",\"publisher\":{\"@id\":\"https:\\\/\\\/polytech-nancy.univ-lorraine.fr\\\/en\\\/#organization\"},\"potentialAction\":[{\"@type\":\"SearchAction\",\"target\":{\"@type\":\"EntryPoint\",\"urlTemplate\":\"https:\\\/\\\/polytech-nancy.univ-lorraine.fr\\\/en\\\/?s={search_term_string}\"},\"query-input\":{\"@type\":\"PropertyValueSpecification\",\"valueRequired\":true,\"valueName\":\"search_term_string\"}}],\"inLanguage\":\"en-US\"},{\"@type\":\"Organization\",\"@id\":\"https:\\\/\\\/polytech-nancy.univ-lorraine.fr\\\/en\\\/#organization\",\"name\":\"Polytech Nancy\",\"url\":\"https:\\\/\\\/polytech-nancy.univ-lorraine.fr\\\/en\\\/\",\"logo\":{\"@type\":\"ImageObject\",\"inLanguage\":\"en-US\",\"@id\":\"https:\\\/\\\/polytech-nancy.univ-lorraine.fr\\\/en\\\/#\\\/schema\\\/logo\\\/image\\\/\",\"url\":\"https:\\\/\\\/polytech-nancy.univ-lorraine.fr\\\/wp-content\\\/uploads\\\/logo-polytech-nancy.svg\",\"contentUrl\":\"https:\\\/\\\/polytech-nancy.univ-lorraine.fr\\\/wp-content\\\/uploads\\\/logo-polytech-nancy.svg\",\"width\":257,\"height\":80,\"caption\":\"Polytech Nancy\"},\"image\":{\"@id\":\"https:\\\/\\\/polytech-nancy.univ-lorraine.fr\\\/en\\\/#\\\/schema\\\/logo\\\/image\\\/\"},\"sameAs\":[\"https:\\\/\\\/www.facebook.com\\\/PolytechNancy\\\/\",\"https:\\\/\\\/x.com\\\/PolytechNancy\",\"https:\\\/\\\/www.instagram.com\\\/polytechnancy\\\/\",\"https:\\\/\\\/www.youtube.com\\\/channel\\\/UCVa-BOR2klK-ljxGcT3lpOw\"]}]}<\/script>\n<!-- \/ Yoast SEO plugin. -->","yoast_head_json":{"title":"Admission to the preparatory cycle - Polytech Nancy","robots":{"index":"index","follow":"follow","max-snippet":"max-snippet:-1","max-image-preview":"max-image-preview:large","max-video-preview":"max-video-preview:-1"},"canonical":"https:\/\/polytech-nancy.univ-lorraine.fr\/en\/admission\/admission-to-the-preparatory-cycle-3\/","og_locale":"en_US","og_type":"article","og_title":"Admission to the preparatory cycle - Polytech Nancy","og_description":"Admission En 1\u00e8re ann\u00e9e de cycle pr\u00e9paratoire Int\u00e9grez Polytech Nancy en 1re ann\u00e9e Le Concours Geipi Polytech permet d&#8217;int\u00e9grer Polytech Nancy d\u00e8s le Bac : 144 places sont ouvertes en 1re ann\u00e9e \u00e0 la rentr\u00e9e 2025 Le Concours Geipi Polytech est un concours commun d&#8217;entr\u00e9e dans 35 \u00e9coles publiques d&#8217;ing\u00e9nieurs postbac Le Concours Geipi Polytech [&hellip;]","og_url":"https:\/\/polytech-nancy.univ-lorraine.fr\/en\/admission\/admission-to-the-preparatory-cycle-3\/","og_site_name":"Polytech Nancy","article_publisher":"https:\/\/www.facebook.com\/PolytechNancy\/","article_modified_time":"2024-11-06T14:08:41+00:00","og_image":[{"width":1200,"height":675,"url":"https:\/\/polytech-nancy.univ-lorraine.fr\/wp-content\/uploads\/logo-polytech-nancy-fallback.png","type":"image\/png"}],"twitter_card":"summary_large_image","twitter_site":"@PolytechNancy","twitter_misc":{"Est. reading time":"1 minute"},"schema":{"@context":"https:\/\/schema.org","@graph":[{"@type":"WebPage","@id":"https:\/\/polytech-nancy.univ-lorraine.fr\/en\/admission\/admission-to-the-preparatory-cycle-3\/","url":"https:\/\/polytech-nancy.univ-lorraine.fr\/en\/admission\/admission-to-the-preparatory-cycle-3\/","name":"Admission to the preparatory cycle - Polytech Nancy","isPartOf":{"@id":"https:\/\/polytech-nancy.univ-lorraine.fr\/en\/#website"},"primaryImageOfPage":{"@id":"https:\/\/polytech-nancy.univ-lorraine.fr\/en\/admission\/admission-to-the-preparatory-cycle-3\/#primaryimage"},"image":{"@id":"https:\/\/polytech-nancy.univ-lorraine.fr\/en\/admission\/admission-to-the-preparatory-cycle-3\/#primaryimage"},"thumbnailUrl":"https:\/\/polytech-nancy.univ-lorraine.fr\/wp-content\/uploads\/TP-CAO-Catia1_2A-reduit.jpg","datePublished":"2024-11-06T13:58:26+00:00","dateModified":"2024-11-06T14:08:41+00:00","breadcrumb":{"@id":"https:\/\/polytech-nancy.univ-lorraine.fr\/en\/admission\/admission-to-the-preparatory-cycle-3\/#breadcrumb"},"inLanguage":"en-US","potentialAction":[{"@type":"ReadAction","target":["https:\/\/polytech-nancy.univ-lorraine.fr\/en\/admission\/admission-to-the-preparatory-cycle-3\/"]}]},{"@type":"ImageObject","inLanguage":"en-US","@id":"https:\/\/polytech-nancy.univ-lorraine.fr\/en\/admission\/admission-to-the-preparatory-cycle-3\/#primaryimage","url":"https:\/\/polytech-nancy.univ-lorraine.fr\/wp-content\/uploads\/TP-CAO-Catia1_2A-reduit.jpg","contentUrl":"https:\/\/polytech-nancy.univ-lorraine.fr\/wp-content\/uploads\/TP-CAO-Catia1_2A-reduit.jpg","width":2000,"height":1333,"caption":"TP CAO PeiP 2e ann\u00e9e"},{"@type":"BreadcrumbList","@id":"https:\/\/polytech-nancy.univ-lorraine.fr\/en\/admission\/admission-to-the-preparatory-cycle-3\/#breadcrumb","itemListElement":[{"@type":"ListItem","position":1,"name":"Home","item":"https:\/\/polytech-nancy.univ-lorraine.fr\/en\/"},{"@type":"ListItem","position":2,"name":"Admission","item":"https:\/\/polytech-nancy.univ-lorraine.fr\/en\/admission\/"},{"@type":"ListItem","position":3,"name":"Admission to the preparatory cycle"}]},{"@type":"WebSite","@id":"https:\/\/polytech-nancy.univ-lorraine.fr\/en\/#website","url":"https:\/\/polytech-nancy.univ-lorraine.fr\/en\/","name":"Polytech Nancy","description":"\u00c9cole d&#039;ing\u00e9nieurs publique de l&#039;Universit\u00e9 de Lorraine","publisher":{"@id":"https:\/\/polytech-nancy.univ-lorraine.fr\/en\/#organization"},"potentialAction":[{"@type":"SearchAction","target":{"@type":"EntryPoint","urlTemplate":"https:\/\/polytech-nancy.univ-lorraine.fr\/en\/?s={search_term_string}"},"query-input":{"@type":"PropertyValueSpecification","valueRequired":true,"valueName":"search_term_string"}}],"inLanguage":"en-US"},{"@type":"Organization","@id":"https:\/\/polytech-nancy.univ-lorraine.fr\/en\/#organization","name":"Polytech Nancy","url":"https:\/\/polytech-nancy.univ-lorraine.fr\/en\/","logo":{"@type":"ImageObject","inLanguage":"en-US","@id":"https:\/\/polytech-nancy.univ-lorraine.fr\/en\/#\/schema\/logo\/image\/","url":"https:\/\/polytech-nancy.univ-lorraine.fr\/wp-content\/uploads\/logo-polytech-nancy.svg","contentUrl":"https:\/\/polytech-nancy.univ-lorraine.fr\/wp-content\/uploads\/logo-polytech-nancy.svg","width":257,"height":80,"caption":"Polytech Nancy"},"image":{"@id":"https:\/\/polytech-nancy.univ-lorraine.fr\/en\/#\/schema\/logo\/image\/"},"sameAs":["https:\/\/www.facebook.com\/PolytechNancy\/","https:\/\/x.com\/PolytechNancy","https:\/\/www.instagram.com\/polytechnancy\/","https:\/\/www.youtube.com\/channel\/UCVa-BOR2klK-ljxGcT3lpOw"]}]}},"_links":{"self":[{"href":"https:\/\/polytech-nancy.univ-lorraine.fr\/en\/wp-json\/wp\/v2\/pages\/12675","targetHints":{"allow":["GET"]}}],"collection":[{"href":"https:\/\/polytech-nancy.univ-lorraine.fr\/en\/wp-json\/wp\/v2\/pages"}],"about":[{"href":"https:\/\/polytech-nancy.univ-lorraine.fr\/en\/wp-json\/wp\/v2\/types\/page"}],"author":[{"embeddable":true,"href":"https:\/\/polytech-nancy.univ-lorraine.fr\/en\/wp-json\/wp\/v2\/users\/4"}],"replies":[{"embeddable":true,"href":"https:\/\/polytech-nancy.univ-lorraine.fr\/en\/wp-json\/wp\/v2\/comments?post=12675"}],"version-history":[{"count":2,"href":"https:\/\/polytech-nancy.univ-lorraine.fr\/en\/wp-json\/wp\/v2\/pages\/12675\/revisions"}],"predecessor-version":[{"id":12678,"href":"https:\/\/polytech-nancy.univ-lorraine.fr\/en\/wp-json\/wp\/v2\/pages\/12675\/revisions\/12678"}],"up":[{"embeddable":true,"href":"https:\/\/polytech-nancy.univ-lorraine.fr\/en\/wp-json\/wp\/v2\/pages\/5425"}],"wp:featuredmedia":[{"embeddable":true,"href":"https:\/\/polytech-nancy.univ-lorraine.fr\/en\/wp-json\/wp\/v2\/media\/12698"}],"wp:attachment":[{"href":"https:\/\/polytech-nancy.univ-lorraine.fr\/en\/wp-json\/wp\/v2\/media?parent=12675"}],"curies":[{"name":"wp","href":"https:\/\/api.w.org\/{rel}","templated":true}]}}