{"id":4514,"date":"2023-06-06T13:32:34","date_gmt":"2023-06-06T11:32:34","guid":{"rendered":"https:\/\/polytech-nancy.univ-lorraine.fr\/?page_id=4514"},"modified":"2024-10-14T15:12:25","modified_gmt":"2024-10-14T13:12:25","slug":"our-school","status":"publish","type":"page","link":"https:\/\/polytech-nancy.univ-lorraine.fr\/en\/our-school\/","title":{"rendered":"Our school"},"content":{"rendered":"\t\t<div data-elementor-type=\"wp-page\" data-elementor-id=\"4514\" class=\"elementor elementor-4514 elementor-43\" data-elementor-post-type=\"page\">\n\t\t\t\t<div class=\"elementor-element elementor-element-05968d8 e-con-full e-flex e-con e-parent\" data-id=\"05968d8\" data-element_type=\"container\" data-e-type=\"container\">\n\t\t<div class=\"elementor-element elementor-element-39558dd e-con-full e-flex e-con e-child\" data-id=\"39558dd\" data-element_type=\"container\" data-e-type=\"container\" data-settings=\"{&quot;background_background&quot;:&quot;classic&quot;}\">\n\t\t\t\t<\/div>\n\t\t<div class=\"elementor-element elementor-element-7b8f87d e-con-full e-flex e-con e-child\" data-id=\"7b8f87d\" data-element_type=\"container\" data-e-type=\"container\" data-settings=\"{&quot;background_background&quot;:&quot;classic&quot;}\">\n\t\t\t\t<div class=\"elementor-element elementor-element-aebc363 elementor-widget elementor-widget-heading\" data-id=\"aebc363\" data-element_type=\"widget\" data-e-type=\"widget\" data-widget_type=\"heading.default\">\n\t\t\t\t\t<h1 class=\"elementor-heading-title elementor-size-default\">Our school<\/h1>\t\t\t\t<\/div>\n\t\t\t\t<\/div>\n\t\t\t\t<\/div>\n\t\t<div class=\"elementor-element elementor-element-3269015 e-flex e-con-boxed e-con e-parent\" data-id=\"3269015\" data-element_type=\"container\" data-e-type=\"container\">\n\t\t\t\t\t<div class=\"e-con-inner\">\n\t\t\t\t<div class=\"elementor-element elementor-element-fc07613 elementor-widget elementor-widget-breadcrumbs\" data-id=\"fc07613\" data-element_type=\"widget\" data-e-type=\"widget\" data-widget_type=\"breadcrumbs.default\">\n\t\t\t\t\t<p id=\"breadcrumbs\"><span><span><a href=\"https:\/\/polytech-nancy.univ-lorraine.fr\/en\/\">Home<\/a><\/span><\/span><\/p>\t\t\t\t<\/div>\n\t\t\t\t<div class=\"elementor-element elementor-element-096f420 elementor-widget elementor-widget-heading\" data-id=\"096f420\" data-element_type=\"widget\" data-e-type=\"widget\" data-widget_type=\"heading.default\">\n\t\t\t\t\t<p class=\"elementor-heading-title elementor-size-default\">Polytech Nancy is a French public graduate school of engineering, which delivers a 5 year engineering degree accredited by the CTI, the French Commission in charge of academic qualifications.<\/p>\t\t\t\t<\/div>\n\t\t<div class=\"elementor-element elementor-element-b9f0257 e-flex e-con-boxed e-con e-child\" data-id=\"b9f0257\" data-element_type=\"container\" data-e-type=\"container\">\n\t\t\t\t\t<div class=\"e-con-inner\">\n\t\t<div class=\"elementor-element elementor-element-a313ac7 e-con-full e-flex e-con e-child\" data-id=\"a313ac7\" data-element_type=\"container\" data-e-type=\"container\">\n\t\t\t\t<div class=\"elementor-element elementor-element-d2ef384 elementor-widget elementor-widget-text-editor\" data-id=\"d2ef384\" data-element_type=\"widget\" data-e-type=\"widget\" data-widget_type=\"text-editor.default\">\n\t\t\t\t\t\t\t\t\t<p>Polytech Nancy is a part of <a href=\"http:\/\/welcome.univ-lorraine.fr\/en\" target=\"_blank\" rel=\"noopener\">Universit\u00e9 de Lorraine<\/a> and a member of the <a href=\"http:\/\/www.polytech-reseau.org\" target=\"_blank\" rel=\"noopener\">Polytech Group<\/a>, a network of 16 engineering schools in France.<\/p><p>Our School trains engineers to have solid scientific and technological skills allowing them to hold important positions in various industrial areas.<\/p>\t\t\t\t\t\t\t\t<\/div>\n\t\t<div class=\"elementor-element elementor-element-45746f5 e-con-full e-flex e-con e-child\" data-id=\"45746f5\" data-element_type=\"container\" data-e-type=\"container\">\n\t\t<div class=\"elementor-element elementor-element-a899e40 e-con-full e-flex e-con e-child\" data-id=\"a899e40\" data-element_type=\"container\" data-e-type=\"container\">\n\t\t\t\t<div class=\"elementor-element elementor-element-f5f8e96 poly-mb0 elementor-widget elementor-widget-heading\" data-id=\"f5f8e96\" data-element_type=\"widget\" data-e-type=\"widget\" data-widget_type=\"heading.default\">\n\t\t\t\t\t<p class=\"elementor-heading-title elementor-size-default\">6000<\/p>\t\t\t\t<\/div>\n\t\t\t\t<div class=\"elementor-element elementor-element-5b7db12 poly-mb0 elementor-widget elementor-widget-heading\" data-id=\"5b7db12\" data-element_type=\"widget\" data-e-type=\"widget\" data-widget_type=\"heading.default\">\n\t\t\t\t\t<p class=\"elementor-heading-title elementor-size-default\">graduates since 1960<\/p>\t\t\t\t<\/div>\n\t\t\t\t<\/div>\n\t\t<div class=\"elementor-element elementor-element-1b06ef9 e-con-full e-flex e-con e-child\" data-id=\"1b06ef9\" data-element_type=\"container\" data-e-type=\"container\">\n\t\t\t\t<div class=\"elementor-element elementor-element-539eebd poly-mb0 elementor-widget elementor-widget-heading\" data-id=\"539eebd\" data-element_type=\"widget\" data-e-type=\"widget\" data-widget_type=\"heading.default\">\n\t\t\t\t\t<p class=\"elementor-heading-title elementor-size-default\">850<\/p>\t\t\t\t<\/div>\n\t\t\t\t<div class=\"elementor-element elementor-element-07e27d7 poly-mb0 elementor-widget elementor-widget-heading\" data-id=\"07e27d7\" data-element_type=\"widget\" data-e-type=\"widget\" data-widget_type=\"heading.default\">\n\t\t\t\t\t<p class=\"elementor-heading-title elementor-size-default\">students<\/p>\t\t\t\t<\/div>\n\t\t\t\t<\/div>\n\t\t<div class=\"elementor-element elementor-element-a524e9b e-con-full e-flex e-con e-child\" data-id=\"a524e9b\" data-element_type=\"container\" data-e-type=\"container\">\n\t\t\t\t<div class=\"elementor-element elementor-element-57cc5fb poly-mb0 elementor-widget elementor-widget-heading\" data-id=\"57cc5fb\" data-element_type=\"widget\" data-e-type=\"widget\" data-widget_type=\"heading.default\">\n\t\t\t\t\t<p class=\"elementor-heading-title elementor-size-default\">80<\/p>\t\t\t\t<\/div>\n\t\t\t\t<div class=\"elementor-element elementor-element-0596af8 poly-mb0 elementor-widget elementor-widget-heading\" data-id=\"0596af8\" data-element_type=\"widget\" data-e-type=\"widget\" data-widget_type=\"heading.default\">\n\t\t\t\t\t<p class=\"elementor-heading-title elementor-size-default\">Faculty members<\/p>\t\t\t\t<\/div>\n\t\t\t\t<\/div>\n\t\t<div class=\"elementor-element elementor-element-d6b1c4a e-con-full e-flex e-con e-child\" data-id=\"d6b1c4a\" data-element_type=\"container\" data-e-type=\"container\">\n\t\t\t\t<div class=\"elementor-element elementor-element-43c9850 poly-mb0 elementor-widget elementor-widget-heading\" data-id=\"43c9850\" data-element_type=\"widget\" data-e-type=\"widget\" data-widget_type=\"heading.default\">\n\t\t\t\t\t<p class=\"elementor-heading-title elementor-size-default\">11<\/p>\t\t\t\t<\/div>\n\t\t\t\t<div class=\"elementor-element elementor-element-fa5d4ed poly-mb0 elementor-widget elementor-widget-heading\" data-id=\"fa5d4ed\" data-element_type=\"widget\" data-e-type=\"widget\" data-widget_type=\"heading.default\">\n\t\t\t\t\t<p class=\"elementor-heading-title elementor-size-default\">Research Laboratories<\/p>\t\t\t\t<\/div>\n\t\t\t\t<\/div>\n\t\t<div class=\"elementor-element elementor-element-f50c457 e-con-full e-flex e-con e-child\" data-id=\"f50c457\" data-element_type=\"container\" data-e-type=\"container\">\n\t\t\t\t<div class=\"elementor-element elementor-element-604aa51 poly-mb0 elementor-widget elementor-widget-heading\" data-id=\"604aa51\" data-element_type=\"widget\" data-e-type=\"widget\" data-widget_type=\"heading.default\">\n\t\t\t\t\t<p class=\"elementor-heading-title elementor-size-default\">300<\/p>\t\t\t\t<\/div>\n\t\t\t\t<div class=\"elementor-element elementor-element-2f70059 poly-mb0 elementor-widget elementor-widget-heading\" data-id=\"2f70059\" data-element_type=\"widget\" data-e-type=\"widget\" data-widget_type=\"heading.default\">\n\t\t\t\t\t<p class=\"elementor-heading-title elementor-size-default\">partner companies<\/p>\t\t\t\t<\/div>\n\t\t\t\t<\/div>\n\t\t<div class=\"elementor-element elementor-element-87eb0a9 e-con-full e-flex e-con e-child\" data-id=\"87eb0a9\" data-element_type=\"container\" data-e-type=\"container\">\n\t\t\t\t<div class=\"elementor-element elementor-element-eda10d0 poly-mb0 elementor-widget elementor-widget-heading\" data-id=\"eda10d0\" data-element_type=\"widget\" data-e-type=\"widget\" data-widget_type=\"heading.default\">\n\t\t\t\t\t<p class=\"elementor-heading-title elementor-size-default\">76<\/p>\t\t\t\t<\/div>\n\t\t\t\t<div class=\"elementor-element elementor-element-543bf79 poly-mb0 elementor-widget elementor-widget-heading\" data-id=\"543bf79\" data-element_type=\"widget\" data-e-type=\"widget\" data-widget_type=\"heading.default\">\n\t\t\t\t\t<p class=\"elementor-heading-title elementor-size-default\">partner universities\nworldwide<\/p>\t\t\t\t<\/div>\n\t\t\t\t<\/div>\n\t\t\t\t<\/div>\n\t\t\t\t<div class=\"elementor-element elementor-element-8de85b3 elementor-widget elementor-widget-video\" data-id=\"8de85b3\" data-element_type=\"widget\" data-e-type=\"widget\" data-settings=\"{&quot;youtube_url&quot;:&quot;https:\\\/\\\/youtu.be\\\/C1JK-FJR1WY&quot;,&quot;lazy_load&quot;:&quot;yes&quot;,&quot;video_type&quot;:&quot;youtube&quot;,&quot;controls&quot;:&quot;yes&quot;}\" data-widget_type=\"video.default\">\n\t\t\t\t\t\t\t<div class=\"elementor-wrapper elementor-open-inline\">\n\t\t\t<div class=\"elementor-video\"><\/div>\t\t<\/div>\n\t\t\t\t\t\t<\/div>\n\t\t\t\t<div class=\"elementor-element elementor-element-2bfefd0 elementor-widget elementor-widget-text-editor\" data-id=\"2bfefd0\" data-element_type=\"widget\" data-e-type=\"widget\" data-widget_type=\"text-editor.default\">\n\t\t\t\t\t\t\t\t\t<p>Polytech Nancy is situated in <a href=\"https:\/\/www.nancy.fr\/nancy-in-english-995.html\" target=\"_blank\" rel=\"noopener\">Nancy<\/a>, in the East of France, at only 90 min from Paris. This pleasant city, one of the largest university cities in France, offers an ideal place to study.<\/p>\t\t\t\t\t\t\t\t<\/div>\n\t\t\t\t<div class=\"elementor-element elementor-element-7ff01bb poly-ratio poly-ratio-16-9 elementor-widget elementor-widget-image\" data-id=\"7ff01bb\" data-element_type=\"widget\" data-e-type=\"widget\" data-widget_type=\"image.default\">\n\t\t\t\t\t\t\t\t\t\t\t\t\t\t\t<img fetchpriority=\"high\" decoding=\"async\" width=\"800\" height=\"450\" src=\"https:\/\/polytech-nancy.univ-lorraine.fr\/wp-content\/uploads\/place-stanislas-nancy.jpg\" class=\"attachment-large size-large wp-image-3939\" alt=\"\" srcset=\"https:\/\/polytech-nancy.univ-lorraine.fr\/wp-content\/uploads\/place-stanislas-nancy.jpg 1120w, https:\/\/polytech-nancy.univ-lorraine.fr\/wp-content\/uploads\/place-stanislas-nancy-600x338.jpg 600w, https:\/\/polytech-nancy.univ-lorraine.fr\/wp-content\/uploads\/place-stanislas-nancy-768x432.jpg 768w\" sizes=\"(max-width: 800px) 100vw, 800px\" \/>\t\t\t\t\t\t\t\t\t\t\t\t\t\t\t<\/div>\n\t\t\t\t<\/div>\n\t\t<div class=\"elementor-element elementor-element-9e10466 e-flex e-con-boxed e-con e-child\" data-id=\"9e10466\" data-element_type=\"container\" data-e-type=\"container\">\n\t\t\t\t\t<div class=\"e-con-inner\">\n\t\t<div class=\"elementor-element elementor-element-aff71af e-con-full jedv-enabled--yes e-flex e-con e-child\" data-id=\"aff71af\" data-element_type=\"container\" data-e-type=\"container\">\n\t\t\t\t<div class=\"elementor-element elementor-element-2322f27 elementor-widget elementor-widget-jet-listing-grid\" data-id=\"2322f27\" data-element_type=\"widget\" data-e-type=\"widget\" data-settings=\"{&quot;columns&quot;:&quot;1&quot;}\" data-widget_type=\"jet-listing-grid.default\">\n\t\t\t\t\t<div class=\"jet-listing-grid jet-listing-grid--lazy-load jet-listing jet-listing-grid-loading\" data-lazy-load=\"{&quot;offset&quot;:&quot;200px&quot;,&quot;post_id&quot;:4514,&quot;queried_id&quot;:&quot;4514|WP_Post&quot;}\"><div class=\"jet-listing-grid__loader\"><div class=\"jet-listing-grid__loader-spinner\"><\/div><\/div><\/div>\t\t\t\t<\/div>\n\t\t\t\t<\/div>\n\t\t\t\t\t<\/div>\n\t\t\t\t<\/div>\n\t\t\t\t\t<\/div>\n\t\t\t\t<\/div>\n\t\t\t\t\t<\/div>\n\t\t\t\t<\/div>\n\t\t\t\t<\/div>\n\t\t","protected":false},"excerpt":{"rendered":"<p>Our school Polytech Nancy is a French public graduate school of engineering, which delivers a 5 year engineering degree accredited by the CTI, the French Commission in charge of academic qualifications. Polytech Nancy is a part of Universit\u00e9 de Lorraine and a member of the Polytech Group, a network of 16 engineering schools in France. [&hellip;]<\/p>\n","protected":false},"author":1,"featured_media":0,"parent":0,"menu_order":0,"comment_status":"closed","ping_status":"closed","template":"","meta":{"inline_featured_image":false,"footnotes":""},"class_list":["post-4514","page","type-page","status-publish","hentry"],"yoast_head":"<!-- This site is optimized with the Yoast SEO plugin v27.4 - https:\/\/yoast.com\/product\/yoast-seo-wordpress\/ -->\n<title>Our school - Polytech Nancy<\/title>\n<meta name=\"robots\" content=\"index, follow, max-snippet:-1, max-image-preview:large, max-video-preview:-1\" \/>\n<link rel=\"canonical\" href=\"https:\/\/polytech-nancy.univ-lorraine.fr\/en\/our-school\/\" \/>\n<meta property=\"og:locale\" content=\"en_US\" \/>\n<meta property=\"og:type\" content=\"article\" \/>\n<meta property=\"og:title\" content=\"Our school - Polytech Nancy\" \/>\n<meta property=\"og:description\" content=\"Our school Polytech Nancy is a French public graduate school of engineering, which delivers a 5 year engineering degree accredited by the CTI, the French Commission in charge of academic qualifications. Polytech Nancy is a part of Universit\u00e9 de Lorraine and a member of the Polytech Group, a network of 16 engineering schools in France. [&hellip;]\" \/>\n<meta property=\"og:url\" content=\"https:\/\/polytech-nancy.univ-lorraine.fr\/en\/our-school\/\" \/>\n<meta property=\"og:site_name\" content=\"Polytech Nancy\" \/>\n<meta property=\"article:publisher\" content=\"https:\/\/www.facebook.com\/PolytechNancy\/\" \/>\n<meta property=\"article:modified_time\" content=\"2024-10-14T13:12:25+00:00\" \/>\n<meta property=\"og:image\" content=\"https:\/\/polytech-nancy.univ-lorraine.fr\/wp-content\/uploads\/place-stanislas-nancy.jpg\" \/>\n<meta name=\"twitter:card\" content=\"summary_large_image\" \/>\n<meta name=\"twitter:site\" content=\"@PolytechNancy\" \/>\n<meta name=\"twitter:label1\" content=\"Est. reading time\" \/>\n\t<meta name=\"twitter:data1\" content=\"1 minute\" \/>\n<script type=\"application\/ld+json\" class=\"yoast-schema-graph\">{\"@context\":\"https:\\\/\\\/schema.org\",\"@graph\":[{\"@type\":\"WebPage\",\"@id\":\"https:\\\/\\\/polytech-nancy.univ-lorraine.fr\\\/en\\\/our-school\\\/\",\"url\":\"https:\\\/\\\/polytech-nancy.univ-lorraine.fr\\\/en\\\/our-school\\\/\",\"name\":\"Our school - Polytech Nancy\",\"isPartOf\":{\"@id\":\"https:\\\/\\\/polytech-nancy.univ-lorraine.fr\\\/en\\\/#website\"},\"primaryImageOfPage\":{\"@id\":\"https:\\\/\\\/polytech-nancy.univ-lorraine.fr\\\/en\\\/our-school\\\/#primaryimage\"},\"image\":{\"@id\":\"https:\\\/\\\/polytech-nancy.univ-lorraine.fr\\\/en\\\/our-school\\\/#primaryimage\"},\"thumbnailUrl\":\"https:\\\/\\\/polytech-nancy.univ-lorraine.fr\\\/wp-content\\\/uploads\\\/place-stanislas-nancy.jpg\",\"datePublished\":\"2023-06-06T11:32:34+00:00\",\"dateModified\":\"2024-10-14T13:12:25+00:00\",\"breadcrumb\":{\"@id\":\"https:\\\/\\\/polytech-nancy.univ-lorraine.fr\\\/en\\\/our-school\\\/#breadcrumb\"},\"inLanguage\":\"en-US\",\"potentialAction\":[{\"@type\":\"ReadAction\",\"target\":[\"https:\\\/\\\/polytech-nancy.univ-lorraine.fr\\\/en\\\/our-school\\\/\"]}]},{\"@type\":\"ImageObject\",\"inLanguage\":\"en-US\",\"@id\":\"https:\\\/\\\/polytech-nancy.univ-lorraine.fr\\\/en\\\/our-school\\\/#primaryimage\",\"url\":\"https:\\\/\\\/polytech-nancy.univ-lorraine.fr\\\/wp-content\\\/uploads\\\/place-stanislas-nancy.jpg\",\"contentUrl\":\"https:\\\/\\\/polytech-nancy.univ-lorraine.fr\\\/wp-content\\\/uploads\\\/place-stanislas-nancy.jpg\"},{\"@type\":\"BreadcrumbList\",\"@id\":\"https:\\\/\\\/polytech-nancy.univ-lorraine.fr\\\/en\\\/our-school\\\/#breadcrumb\",\"itemListElement\":[{\"@type\":\"ListItem\",\"position\":1,\"name\":\"Home\",\"item\":\"https:\\\/\\\/polytech-nancy.univ-lorraine.fr\\\/en\\\/\"},{\"@type\":\"ListItem\",\"position\":2,\"name\":\"Our school\"}]},{\"@type\":\"WebSite\",\"@id\":\"https:\\\/\\\/polytech-nancy.univ-lorraine.fr\\\/en\\\/#website\",\"url\":\"https:\\\/\\\/polytech-nancy.univ-lorraine.fr\\\/en\\\/\",\"name\":\"Polytech Nancy\",\"description\":\"\u00c9cole d&#039;ing\u00e9nieurs publique de l&#039;Universit\u00e9 de Lorraine\",\"publisher\":{\"@id\":\"https:\\\/\\\/polytech-nancy.univ-lorraine.fr\\\/en\\\/#organization\"},\"potentialAction\":[{\"@type\":\"SearchAction\",\"target\":{\"@type\":\"EntryPoint\",\"urlTemplate\":\"https:\\\/\\\/polytech-nancy.univ-lorraine.fr\\\/en\\\/?s={search_term_string}\"},\"query-input\":{\"@type\":\"PropertyValueSpecification\",\"valueRequired\":true,\"valueName\":\"search_term_string\"}}],\"inLanguage\":\"en-US\"},{\"@type\":\"Organization\",\"@id\":\"https:\\\/\\\/polytech-nancy.univ-lorraine.fr\\\/en\\\/#organization\",\"name\":\"Polytech Nancy\",\"url\":\"https:\\\/\\\/polytech-nancy.univ-lorraine.fr\\\/en\\\/\",\"logo\":{\"@type\":\"ImageObject\",\"inLanguage\":\"en-US\",\"@id\":\"https:\\\/\\\/polytech-nancy.univ-lorraine.fr\\\/en\\\/#\\\/schema\\\/logo\\\/image\\\/\",\"url\":\"https:\\\/\\\/polytech-nancy.univ-lorraine.fr\\\/wp-content\\\/uploads\\\/logo-polytech-nancy.svg\",\"contentUrl\":\"https:\\\/\\\/polytech-nancy.univ-lorraine.fr\\\/wp-content\\\/uploads\\\/logo-polytech-nancy.svg\",\"width\":257,\"height\":80,\"caption\":\"Polytech Nancy\"},\"image\":{\"@id\":\"https:\\\/\\\/polytech-nancy.univ-lorraine.fr\\\/en\\\/#\\\/schema\\\/logo\\\/image\\\/\"},\"sameAs\":[\"https:\\\/\\\/www.facebook.com\\\/PolytechNancy\\\/\",\"https:\\\/\\\/x.com\\\/PolytechNancy\",\"https:\\\/\\\/www.instagram.com\\\/polytechnancy\\\/\",\"https:\\\/\\\/www.youtube.com\\\/channel\\\/UCVa-BOR2klK-ljxGcT3lpOw\"]}]}<\/script>\n<!-- \/ Yoast SEO plugin. -->","yoast_head_json":{"title":"Our school - Polytech Nancy","robots":{"index":"index","follow":"follow","max-snippet":"max-snippet:-1","max-image-preview":"max-image-preview:large","max-video-preview":"max-video-preview:-1"},"canonical":"https:\/\/polytech-nancy.univ-lorraine.fr\/en\/our-school\/","og_locale":"en_US","og_type":"article","og_title":"Our school - Polytech Nancy","og_description":"Our school Polytech Nancy is a French public graduate school of engineering, which delivers a 5 year engineering degree accredited by the CTI, the French Commission in charge of academic qualifications. Polytech Nancy is a part of Universit\u00e9 de Lorraine and a member of the Polytech Group, a network of 16 engineering schools in France. [&hellip;]","og_url":"https:\/\/polytech-nancy.univ-lorraine.fr\/en\/our-school\/","og_site_name":"Polytech Nancy","article_publisher":"https:\/\/www.facebook.com\/PolytechNancy\/","article_modified_time":"2024-10-14T13:12:25+00:00","og_image":[{"url":"https:\/\/polytech-nancy.univ-lorraine.fr\/wp-content\/uploads\/place-stanislas-nancy.jpg","type":"","width":"","height":""}],"twitter_card":"summary_large_image","twitter_site":"@PolytechNancy","twitter_misc":{"Est. reading time":"1 minute"},"schema":{"@context":"https:\/\/schema.org","@graph":[{"@type":"WebPage","@id":"https:\/\/polytech-nancy.univ-lorraine.fr\/en\/our-school\/","url":"https:\/\/polytech-nancy.univ-lorraine.fr\/en\/our-school\/","name":"Our school - Polytech Nancy","isPartOf":{"@id":"https:\/\/polytech-nancy.univ-lorraine.fr\/en\/#website"},"primaryImageOfPage":{"@id":"https:\/\/polytech-nancy.univ-lorraine.fr\/en\/our-school\/#primaryimage"},"image":{"@id":"https:\/\/polytech-nancy.univ-lorraine.fr\/en\/our-school\/#primaryimage"},"thumbnailUrl":"https:\/\/polytech-nancy.univ-lorraine.fr\/wp-content\/uploads\/place-stanislas-nancy.jpg","datePublished":"2023-06-06T11:32:34+00:00","dateModified":"2024-10-14T13:12:25+00:00","breadcrumb":{"@id":"https:\/\/polytech-nancy.univ-lorraine.fr\/en\/our-school\/#breadcrumb"},"inLanguage":"en-US","potentialAction":[{"@type":"ReadAction","target":["https:\/\/polytech-nancy.univ-lorraine.fr\/en\/our-school\/"]}]},{"@type":"ImageObject","inLanguage":"en-US","@id":"https:\/\/polytech-nancy.univ-lorraine.fr\/en\/our-school\/#primaryimage","url":"https:\/\/polytech-nancy.univ-lorraine.fr\/wp-content\/uploads\/place-stanislas-nancy.jpg","contentUrl":"https:\/\/polytech-nancy.univ-lorraine.fr\/wp-content\/uploads\/place-stanislas-nancy.jpg"},{"@type":"BreadcrumbList","@id":"https:\/\/polytech-nancy.univ-lorraine.fr\/en\/our-school\/#breadcrumb","itemListElement":[{"@type":"ListItem","position":1,"name":"Home","item":"https:\/\/polytech-nancy.univ-lorraine.fr\/en\/"},{"@type":"ListItem","position":2,"name":"Our school"}]},{"@type":"WebSite","@id":"https:\/\/polytech-nancy.univ-lorraine.fr\/en\/#website","url":"https:\/\/polytech-nancy.univ-lorraine.fr\/en\/","name":"Polytech Nancy","description":"\u00c9cole d&#039;ing\u00e9nieurs publique de l&#039;Universit\u00e9 de Lorraine","publisher":{"@id":"https:\/\/polytech-nancy.univ-lorraine.fr\/en\/#organization"},"potentialAction":[{"@type":"SearchAction","target":{"@type":"EntryPoint","urlTemplate":"https:\/\/polytech-nancy.univ-lorraine.fr\/en\/?s={search_term_string}"},"query-input":{"@type":"PropertyValueSpecification","valueRequired":true,"valueName":"search_term_string"}}],"inLanguage":"en-US"},{"@type":"Organization","@id":"https:\/\/polytech-nancy.univ-lorraine.fr\/en\/#organization","name":"Polytech Nancy","url":"https:\/\/polytech-nancy.univ-lorraine.fr\/en\/","logo":{"@type":"ImageObject","inLanguage":"en-US","@id":"https:\/\/polytech-nancy.univ-lorraine.fr\/en\/#\/schema\/logo\/image\/","url":"https:\/\/polytech-nancy.univ-lorraine.fr\/wp-content\/uploads\/logo-polytech-nancy.svg","contentUrl":"https:\/\/polytech-nancy.univ-lorraine.fr\/wp-content\/uploads\/logo-polytech-nancy.svg","width":257,"height":80,"caption":"Polytech Nancy"},"image":{"@id":"https:\/\/polytech-nancy.univ-lorraine.fr\/en\/#\/schema\/logo\/image\/"},"sameAs":["https:\/\/www.facebook.com\/PolytechNancy\/","https:\/\/x.com\/PolytechNancy","https:\/\/www.instagram.com\/polytechnancy\/","https:\/\/www.youtube.com\/channel\/UCVa-BOR2klK-ljxGcT3lpOw"]}]}},"_links":{"self":[{"href":"https:\/\/polytech-nancy.univ-lorraine.fr\/en\/wp-json\/wp\/v2\/pages\/4514","targetHints":{"allow":["GET"]}}],"collection":[{"href":"https:\/\/polytech-nancy.univ-lorraine.fr\/en\/wp-json\/wp\/v2\/pages"}],"about":[{"href":"https:\/\/polytech-nancy.univ-lorraine.fr\/en\/wp-json\/wp\/v2\/types\/page"}],"author":[{"embeddable":true,"href":"https:\/\/polytech-nancy.univ-lorraine.fr\/en\/wp-json\/wp\/v2\/users\/1"}],"replies":[{"embeddable":true,"href":"https:\/\/polytech-nancy.univ-lorraine.fr\/en\/wp-json\/wp\/v2\/comments?post=4514"}],"version-history":[{"count":34,"href":"https:\/\/polytech-nancy.univ-lorraine.fr\/en\/wp-json\/wp\/v2\/pages\/4514\/revisions"}],"predecessor-version":[{"id":12469,"href":"https:\/\/polytech-nancy.univ-lorraine.fr\/en\/wp-json\/wp\/v2\/pages\/4514\/revisions\/12469"}],"wp:attachment":[{"href":"https:\/\/polytech-nancy.univ-lorraine.fr\/en\/wp-json\/wp\/v2\/media?parent=4514"}],"curies":[{"name":"wp","href":"https:\/\/api.w.org\/{rel}","templated":true}]}}