{"id":5727,"date":"2023-07-18T15:33:40","date_gmt":"2023-07-18T13:33:40","guid":{"rendered":"https:\/\/polytech-nancy.univ-lorraine.fr\/?page_id=5727"},"modified":"2026-04-17T15:11:08","modified_gmt":"2026-04-17T13:11:08","slug":"study-offer-in-english","status":"publish","type":"page","link":"https:\/\/polytech-nancy.univ-lorraine.fr\/en\/international\/study-offer-in-english\/","title":{"rendered":"Study offer in English"},"content":{"rendered":"\t\t<div data-elementor-type=\"wp-page\" data-elementor-id=\"5727\" class=\"elementor elementor-5727\" data-elementor-post-type=\"page\">\n\t\t\t\t<div class=\"elementor-element elementor-element-51b8b14b e-con-full e-flex e-con e-parent\" data-id=\"51b8b14b\" data-element_type=\"container\" data-e-type=\"container\">\n\t\t<div class=\"elementor-element elementor-element-31253888 e-con-full e-flex e-con e-child\" data-id=\"31253888\" data-element_type=\"container\" data-e-type=\"container\" data-settings=\"{&quot;background_background&quot;:&quot;classic&quot;}\">\n\t\t\t\t<\/div>\n\t\t<div class=\"elementor-element elementor-element-3b2c19cc e-con-full e-flex e-con e-child\" data-id=\"3b2c19cc\" data-element_type=\"container\" data-e-type=\"container\" data-settings=\"{&quot;background_background&quot;:&quot;classic&quot;}\">\n\t\t\t\t<div class=\"elementor-element elementor-element-68af193f elementor-widget elementor-widget-heading\" data-id=\"68af193f\" data-element_type=\"widget\" data-e-type=\"widget\" data-widget_type=\"heading.default\">\n\t\t\t\t\t<h2 class=\"elementor-heading-title elementor-size-default\">International<\/h2>\t\t\t\t<\/div>\n\t\t\t\t<div class=\"elementor-element elementor-element-2140819d elementor-widget elementor-widget-heading\" data-id=\"2140819d\" data-element_type=\"widget\" data-e-type=\"widget\" data-widget_type=\"heading.default\">\n\t\t\t\t\t<h1 class=\"elementor-heading-title elementor-size-default\">Study offer in English<\/h1>\t\t\t\t<\/div>\n\t\t\t\t<\/div>\n\t\t\t\t<\/div>\n\t\t<div class=\"elementor-element elementor-element-22379f96 e-flex e-con-boxed e-con e-parent\" data-id=\"22379f96\" data-element_type=\"container\" data-e-type=\"container\">\n\t\t\t\t\t<div class=\"e-con-inner\">\n\t\t\t\t<div class=\"elementor-element elementor-element-79eaf244 elementor-widget elementor-widget-breadcrumbs\" data-id=\"79eaf244\" data-element_type=\"widget\" data-e-type=\"widget\" data-widget_type=\"breadcrumbs.default\">\n\t\t\t\t\t<p id=\"breadcrumbs\"><span><span><a href=\"https:\/\/polytech-nancy.univ-lorraine.fr\/en\/\">Home<\/a><\/span><\/span><\/p>\t\t\t\t<\/div>\n\t\t<div class=\"elementor-element elementor-element-643e1b6a e-flex e-con-boxed e-con e-child\" data-id=\"643e1b6a\" data-element_type=\"container\" data-e-type=\"container\">\n\t\t\t\t\t<div class=\"e-con-inner\">\n\t\t<div class=\"elementor-element elementor-element-13b3b1ab e-con-full e-flex e-con e-child\" data-id=\"13b3b1ab\" data-element_type=\"container\" data-e-type=\"container\">\n\t\t<div class=\"elementor-element elementor-element-5d6136ae e-flex e-con-boxed e-con e-child\" data-id=\"5d6136ae\" data-element_type=\"container\" data-e-type=\"container\">\n\t\t\t\t\t<div class=\"e-con-inner\">\n\t\t\t\t<div class=\"elementor-element elementor-element-410ac77e elementor-widget elementor-widget-heading\" data-id=\"410ac77e\" data-element_type=\"widget\" data-e-type=\"widget\" data-widget_type=\"heading.default\">\n\t\t\t\t\t<h2 class=\"elementor-heading-title elementor-size-default\">Courses in Energy, Mechanical Engineering, Material Science and Environment (EMME) for international exchange students<\/h2>\t\t\t\t<\/div>\n\t\t\t\t<div class=\"elementor-element elementor-element-21f5fc63 elementor-widget elementor-widget-heading\" data-id=\"21f5fc63\" data-element_type=\"widget\" data-e-type=\"widget\" data-widget_type=\"heading.default\">\n\t\t\t\t\t<h3 class=\"elementor-heading-title elementor-size-default\">Programme (Bachelor level)<\/h3>\t\t\t\t<\/div>\n\t\t\t\t<div class=\"elementor-element elementor-element-3eedd401 elementor-widget elementor-widget-text-editor\" data-id=\"3eedd401\" data-element_type=\"widget\" data-e-type=\"widget\" data-widget_type=\"text-editor.default\">\n\t\t\t\t\t\t\t\t\t<ul><li>Semester 5: Advanced Mathematics for Engineering Sciences, Introduction to the Use of AI in Engineering, Fluid Mechanics I, Solid Mechanics I, Interference and Diffraction, Mechanical Design and Dimensioning I, Laser and Applications,\u00a0 Entrepreneurship and Communication, English I, Industrial Project I*.<\/li><li>Semester 6: Statistics, Engineering Materials, Solid Mechanics II, Heat Transfer, Mechanical Design and Dimensioning II, English II, Industrial Project II*.<\/li><\/ul><p style=\"font-size: 16px;\">*Case studies and development in partnership with a company or a research laboratory.<\/p>\t\t\t\t\t\t\t\t<\/div>\n\t\t\t\t\t<\/div>\n\t\t\t\t<\/div>\n\t\t<div class=\"elementor-element elementor-element-25e1663 e-flex e-con-boxed e-con e-child\" data-id=\"25e1663\" data-element_type=\"container\" data-e-type=\"container\">\n\t\t\t\t\t<div class=\"e-con-inner\">\n\t\t\t\t<div class=\"elementor-element elementor-element-b0defe5 elementor-widget elementor-widget-heading\" data-id=\"b0defe5\" data-element_type=\"widget\" data-e-type=\"widget\" data-widget_type=\"heading.default\">\n\t\t\t\t\t<h2 class=\"elementor-heading-title elementor-size-default\">Courses in the Computer Science, Control Engineering, Robotics, IT Networks (IA2R) Programme for international exchange students<\/h2>\t\t\t\t<\/div>\n\t\t\t\t<div class=\"elementor-element elementor-element-5859eef elementor-widget elementor-widget-heading\" data-id=\"5859eef\" data-element_type=\"widget\" data-e-type=\"widget\" data-widget_type=\"heading.default\">\n\t\t\t\t\t<h3 class=\"elementor-heading-title elementor-size-default\">Programme (Bachelor and Master level)<\/h3>\t\t\t\t<\/div>\n\t\t\t\t<div class=\"elementor-element elementor-element-fb566ef elementor-widget elementor-widget-text-editor\" data-id=\"fb566ef\" data-element_type=\"widget\" data-e-type=\"widget\" data-widget_type=\"text-editor.default\">\n\t\t\t\t\t\t\t\t\t<p style=\"font-size: 16px;\">The courses marked with an English flag in this programme are taught in French, with a written basis available in English. All other courses in this programme are fully taught in French.<\/p>\t\t\t\t\t\t\t\t<\/div>\n\t\t\t\t\t<\/div>\n\t\t\t\t<\/div>\n\t\t\t\t<\/div>\n\t\t<div class=\"elementor-element elementor-element-54ea2d0 e-flex e-con-boxed e-con e-child\" data-id=\"54ea2d0\" data-element_type=\"container\" data-e-type=\"container\">\n\t\t\t\t\t<div class=\"e-con-inner\">\n\t\t<div class=\"elementor-element elementor-element-3cb6846d e-con-full jedv-enabled--yes e-flex e-con e-child\" data-id=\"3cb6846d\" data-element_type=\"container\" data-e-type=\"container\">\n\t\t\t\t<div class=\"elementor-element elementor-element-77c20507 elementor-widget elementor-widget-jet-listing-grid\" data-id=\"77c20507\" data-element_type=\"widget\" data-e-type=\"widget\" data-settings=\"{&quot;columns&quot;:&quot;1&quot;}\" data-widget_type=\"jet-listing-grid.default\">\n\t\t\t\t\t<div class=\"jet-listing-grid jet-listing-grid--lazy-load jet-listing jet-listing-grid-loading\" data-lazy-load=\"{&quot;offset&quot;:&quot;200px&quot;,&quot;post_id&quot;:5727,&quot;queried_id&quot;:&quot;5727|WP_Post&quot;}\"><div class=\"jet-listing-grid__loader\"><div class=\"jet-listing-grid__loader-spinner\"><\/div><\/div><\/div>\t\t\t\t<\/div>\n\t\t\t\t<\/div>\n\t\t<div class=\"elementor-element elementor-element-6079c2aa e-con-full jedv-enabled--yes e-flex e-con e-child\" data-id=\"6079c2aa\" data-element_type=\"container\" data-e-type=\"container\">\n\t\t\t\t<div class=\"elementor-element elementor-element-7712da3c elementor-widget elementor-widget-jet-listing-grid\" data-id=\"7712da3c\" data-element_type=\"widget\" data-e-type=\"widget\" data-settings=\"{&quot;columns&quot;:&quot;1&quot;}\" data-widget_type=\"jet-listing-grid.default\">\n\t\t\t\t\t<div class=\"jet-listing-grid jet-listing-grid--lazy-load jet-listing jet-listing-grid-loading\" data-lazy-load=\"{&quot;offset&quot;:&quot;200px&quot;,&quot;post_id&quot;:5727,&quot;queried_id&quot;:&quot;5727|WP_Post&quot;}\"><div class=\"jet-listing-grid__loader\"><div class=\"jet-listing-grid__loader-spinner\"><\/div><\/div><\/div>\t\t\t\t<\/div>\n\t\t\t\t<\/div>\n\t\t\t\t\t<\/div>\n\t\t\t\t<\/div>\n\t\t\t\t\t<\/div>\n\t\t\t\t<\/div>\n\t\t\t\t\t<\/div>\n\t\t\t\t<\/div>\n\t\t\t\t<\/div>\n\t\t","protected":false},"excerpt":{"rendered":"<p>International Courses in Energy, Mechanical Engineering, Material Science and Environment (EMME) for international exchange students Programme (Bachelor level) Semester 5: Advanced Mathematics for Engineering Sciences, Introduction to the Use of AI in Engineering, Fluid Mechanics I, Solid Mechanics I, Interference and Diffraction, Mechanical Design and Dimensioning I, Laser and Applications,\u00a0 Entrepreneurship and Communication, English I, [&hellip;]<\/p>\n","protected":false},"author":1,"featured_media":0,"parent":5720,"menu_order":0,"comment_status":"closed","ping_status":"closed","template":"","meta":{"inline_featured_image":false,"footnotes":""},"class_list":["post-5727","page","type-page","status-publish","hentry"],"yoast_head":"<!-- This site is optimized with the Yoast SEO plugin v27.4 - https:\/\/yoast.com\/product\/yoast-seo-wordpress\/ -->\n<title>Study offer in English - Polytech Nancy<\/title>\n<meta name=\"robots\" content=\"index, follow, max-snippet:-1, max-image-preview:large, max-video-preview:-1\" \/>\n<link rel=\"canonical\" href=\"https:\/\/polytech-nancy.univ-lorraine.fr\/en\/international\/study-offer-in-english\/\" \/>\n<meta property=\"og:locale\" content=\"en_US\" \/>\n<meta property=\"og:type\" content=\"article\" \/>\n<meta property=\"og:title\" content=\"Study offer in English - Polytech Nancy\" \/>\n<meta property=\"og:description\" content=\"International Courses in Energy, Mechanical Engineering, Material Science and Environment (EMME) for international exchange students Programme (Bachelor level) Semester 5: Advanced Mathematics for Engineering Sciences, Introduction to the Use of AI in Engineering, Fluid Mechanics I, Solid Mechanics I, Interference and Diffraction, Mechanical Design and Dimensioning I, Laser and Applications,\u00a0 Entrepreneurship and Communication, English I, [&hellip;]\" \/>\n<meta property=\"og:url\" content=\"https:\/\/polytech-nancy.univ-lorraine.fr\/en\/international\/study-offer-in-english\/\" \/>\n<meta property=\"og:site_name\" content=\"Polytech Nancy\" \/>\n<meta property=\"article:publisher\" content=\"https:\/\/www.facebook.com\/PolytechNancy\/\" \/>\n<meta property=\"article:modified_time\" content=\"2026-04-17T13:11:08+00:00\" \/>\n<meta property=\"og:image\" content=\"https:\/\/polytech-nancy.univ-lorraine.fr\/wp-content\/uploads\/logo-polytech-nancy-fallback.png\" \/>\n\t<meta property=\"og:image:width\" content=\"1200\" \/>\n\t<meta property=\"og:image:height\" content=\"675\" \/>\n\t<meta property=\"og:image:type\" content=\"image\/png\" \/>\n<meta name=\"twitter:card\" content=\"summary_large_image\" \/>\n<meta name=\"twitter:site\" content=\"@PolytechNancy\" \/>\n<meta name=\"twitter:label1\" content=\"Est. reading time\" \/>\n\t<meta name=\"twitter:data1\" content=\"1 minute\" \/>\n<script type=\"application\/ld+json\" class=\"yoast-schema-graph\">{\"@context\":\"https:\\\/\\\/schema.org\",\"@graph\":[{\"@type\":\"WebPage\",\"@id\":\"https:\\\/\\\/polytech-nancy.univ-lorraine.fr\\\/en\\\/international\\\/study-offer-in-english\\\/\",\"url\":\"https:\\\/\\\/polytech-nancy.univ-lorraine.fr\\\/en\\\/international\\\/study-offer-in-english\\\/\",\"name\":\"Study offer in English - Polytech Nancy\",\"isPartOf\":{\"@id\":\"https:\\\/\\\/polytech-nancy.univ-lorraine.fr\\\/en\\\/#website\"},\"datePublished\":\"2023-07-18T13:33:40+00:00\",\"dateModified\":\"2026-04-17T13:11:08+00:00\",\"breadcrumb\":{\"@id\":\"https:\\\/\\\/polytech-nancy.univ-lorraine.fr\\\/en\\\/international\\\/study-offer-in-english\\\/#breadcrumb\"},\"inLanguage\":\"en-US\",\"potentialAction\":[{\"@type\":\"ReadAction\",\"target\":[\"https:\\\/\\\/polytech-nancy.univ-lorraine.fr\\\/en\\\/international\\\/study-offer-in-english\\\/\"]}]},{\"@type\":\"BreadcrumbList\",\"@id\":\"https:\\\/\\\/polytech-nancy.univ-lorraine.fr\\\/en\\\/international\\\/study-offer-in-english\\\/#breadcrumb\",\"itemListElement\":[{\"@type\":\"ListItem\",\"position\":1,\"name\":\"Home\",\"item\":\"https:\\\/\\\/polytech-nancy.univ-lorraine.fr\\\/en\\\/\"},{\"@type\":\"ListItem\",\"position\":2,\"name\":\"International\",\"item\":\"https:\\\/\\\/polytech-nancy.univ-lorraine.fr\\\/en\\\/international\\\/\"},{\"@type\":\"ListItem\",\"position\":3,\"name\":\"Study offer in English\"}]},{\"@type\":\"WebSite\",\"@id\":\"https:\\\/\\\/polytech-nancy.univ-lorraine.fr\\\/en\\\/#website\",\"url\":\"https:\\\/\\\/polytech-nancy.univ-lorraine.fr\\\/en\\\/\",\"name\":\"Polytech Nancy\",\"description\":\"\u00c9cole d&#039;ing\u00e9nieurs publique de l&#039;Universit\u00e9 de Lorraine\",\"publisher\":{\"@id\":\"https:\\\/\\\/polytech-nancy.univ-lorraine.fr\\\/en\\\/#organization\"},\"potentialAction\":[{\"@type\":\"SearchAction\",\"target\":{\"@type\":\"EntryPoint\",\"urlTemplate\":\"https:\\\/\\\/polytech-nancy.univ-lorraine.fr\\\/en\\\/?s={search_term_string}\"},\"query-input\":{\"@type\":\"PropertyValueSpecification\",\"valueRequired\":true,\"valueName\":\"search_term_string\"}}],\"inLanguage\":\"en-US\"},{\"@type\":\"Organization\",\"@id\":\"https:\\\/\\\/polytech-nancy.univ-lorraine.fr\\\/en\\\/#organization\",\"name\":\"Polytech Nancy\",\"url\":\"https:\\\/\\\/polytech-nancy.univ-lorraine.fr\\\/en\\\/\",\"logo\":{\"@type\":\"ImageObject\",\"inLanguage\":\"en-US\",\"@id\":\"https:\\\/\\\/polytech-nancy.univ-lorraine.fr\\\/en\\\/#\\\/schema\\\/logo\\\/image\\\/\",\"url\":\"https:\\\/\\\/polytech-nancy.univ-lorraine.fr\\\/wp-content\\\/uploads\\\/logo-polytech-nancy.svg\",\"contentUrl\":\"https:\\\/\\\/polytech-nancy.univ-lorraine.fr\\\/wp-content\\\/uploads\\\/logo-polytech-nancy.svg\",\"width\":257,\"height\":80,\"caption\":\"Polytech Nancy\"},\"image\":{\"@id\":\"https:\\\/\\\/polytech-nancy.univ-lorraine.fr\\\/en\\\/#\\\/schema\\\/logo\\\/image\\\/\"},\"sameAs\":[\"https:\\\/\\\/www.facebook.com\\\/PolytechNancy\\\/\",\"https:\\\/\\\/x.com\\\/PolytechNancy\",\"https:\\\/\\\/www.instagram.com\\\/polytechnancy\\\/\",\"https:\\\/\\\/www.youtube.com\\\/channel\\\/UCVa-BOR2klK-ljxGcT3lpOw\"]}]}<\/script>\n<!-- \/ Yoast SEO plugin. -->","yoast_head_json":{"title":"Study offer in English - Polytech Nancy","robots":{"index":"index","follow":"follow","max-snippet":"max-snippet:-1","max-image-preview":"max-image-preview:large","max-video-preview":"max-video-preview:-1"},"canonical":"https:\/\/polytech-nancy.univ-lorraine.fr\/en\/international\/study-offer-in-english\/","og_locale":"en_US","og_type":"article","og_title":"Study offer in English - Polytech Nancy","og_description":"International Courses in Energy, Mechanical Engineering, Material Science and Environment (EMME) for international exchange students Programme (Bachelor level) Semester 5: Advanced Mathematics for Engineering Sciences, Introduction to the Use of AI in Engineering, Fluid Mechanics I, Solid Mechanics I, Interference and Diffraction, Mechanical Design and Dimensioning I, Laser and Applications,\u00a0 Entrepreneurship and Communication, English I, [&hellip;]","og_url":"https:\/\/polytech-nancy.univ-lorraine.fr\/en\/international\/study-offer-in-english\/","og_site_name":"Polytech Nancy","article_publisher":"https:\/\/www.facebook.com\/PolytechNancy\/","article_modified_time":"2026-04-17T13:11:08+00:00","og_image":[{"width":1200,"height":675,"url":"https:\/\/polytech-nancy.univ-lorraine.fr\/wp-content\/uploads\/logo-polytech-nancy-fallback.png","type":"image\/png"}],"twitter_card":"summary_large_image","twitter_site":"@PolytechNancy","twitter_misc":{"Est. reading time":"1 minute"},"schema":{"@context":"https:\/\/schema.org","@graph":[{"@type":"WebPage","@id":"https:\/\/polytech-nancy.univ-lorraine.fr\/en\/international\/study-offer-in-english\/","url":"https:\/\/polytech-nancy.univ-lorraine.fr\/en\/international\/study-offer-in-english\/","name":"Study offer in English - Polytech Nancy","isPartOf":{"@id":"https:\/\/polytech-nancy.univ-lorraine.fr\/en\/#website"},"datePublished":"2023-07-18T13:33:40+00:00","dateModified":"2026-04-17T13:11:08+00:00","breadcrumb":{"@id":"https:\/\/polytech-nancy.univ-lorraine.fr\/en\/international\/study-offer-in-english\/#breadcrumb"},"inLanguage":"en-US","potentialAction":[{"@type":"ReadAction","target":["https:\/\/polytech-nancy.univ-lorraine.fr\/en\/international\/study-offer-in-english\/"]}]},{"@type":"BreadcrumbList","@id":"https:\/\/polytech-nancy.univ-lorraine.fr\/en\/international\/study-offer-in-english\/#breadcrumb","itemListElement":[{"@type":"ListItem","position":1,"name":"Home","item":"https:\/\/polytech-nancy.univ-lorraine.fr\/en\/"},{"@type":"ListItem","position":2,"name":"International","item":"https:\/\/polytech-nancy.univ-lorraine.fr\/en\/international\/"},{"@type":"ListItem","position":3,"name":"Study offer in English"}]},{"@type":"WebSite","@id":"https:\/\/polytech-nancy.univ-lorraine.fr\/en\/#website","url":"https:\/\/polytech-nancy.univ-lorraine.fr\/en\/","name":"Polytech Nancy","description":"\u00c9cole d&#039;ing\u00e9nieurs publique de l&#039;Universit\u00e9 de Lorraine","publisher":{"@id":"https:\/\/polytech-nancy.univ-lorraine.fr\/en\/#organization"},"potentialAction":[{"@type":"SearchAction","target":{"@type":"EntryPoint","urlTemplate":"https:\/\/polytech-nancy.univ-lorraine.fr\/en\/?s={search_term_string}"},"query-input":{"@type":"PropertyValueSpecification","valueRequired":true,"valueName":"search_term_string"}}],"inLanguage":"en-US"},{"@type":"Organization","@id":"https:\/\/polytech-nancy.univ-lorraine.fr\/en\/#organization","name":"Polytech Nancy","url":"https:\/\/polytech-nancy.univ-lorraine.fr\/en\/","logo":{"@type":"ImageObject","inLanguage":"en-US","@id":"https:\/\/polytech-nancy.univ-lorraine.fr\/en\/#\/schema\/logo\/image\/","url":"https:\/\/polytech-nancy.univ-lorraine.fr\/wp-content\/uploads\/logo-polytech-nancy.svg","contentUrl":"https:\/\/polytech-nancy.univ-lorraine.fr\/wp-content\/uploads\/logo-polytech-nancy.svg","width":257,"height":80,"caption":"Polytech Nancy"},"image":{"@id":"https:\/\/polytech-nancy.univ-lorraine.fr\/en\/#\/schema\/logo\/image\/"},"sameAs":["https:\/\/www.facebook.com\/PolytechNancy\/","https:\/\/x.com\/PolytechNancy","https:\/\/www.instagram.com\/polytechnancy\/","https:\/\/www.youtube.com\/channel\/UCVa-BOR2klK-ljxGcT3lpOw"]}]}},"_links":{"self":[{"href":"https:\/\/polytech-nancy.univ-lorraine.fr\/en\/wp-json\/wp\/v2\/pages\/5727","targetHints":{"allow":["GET"]}}],"collection":[{"href":"https:\/\/polytech-nancy.univ-lorraine.fr\/en\/wp-json\/wp\/v2\/pages"}],"about":[{"href":"https:\/\/polytech-nancy.univ-lorraine.fr\/en\/wp-json\/wp\/v2\/types\/page"}],"author":[{"embeddable":true,"href":"https:\/\/polytech-nancy.univ-lorraine.fr\/en\/wp-json\/wp\/v2\/users\/1"}],"replies":[{"embeddable":true,"href":"https:\/\/polytech-nancy.univ-lorraine.fr\/en\/wp-json\/wp\/v2\/comments?post=5727"}],"version-history":[{"count":42,"href":"https:\/\/polytech-nancy.univ-lorraine.fr\/en\/wp-json\/wp\/v2\/pages\/5727\/revisions"}],"predecessor-version":[{"id":14925,"href":"https:\/\/polytech-nancy.univ-lorraine.fr\/en\/wp-json\/wp\/v2\/pages\/5727\/revisions\/14925"}],"up":[{"embeddable":true,"href":"https:\/\/polytech-nancy.univ-lorraine.fr\/en\/wp-json\/wp\/v2\/pages\/5720"}],"wp:attachment":[{"href":"https:\/\/polytech-nancy.univ-lorraine.fr\/en\/wp-json\/wp\/v2\/media?parent=5727"}],"curies":[{"name":"wp","href":"https:\/\/api.w.org\/{rel}","templated":true}]}}