{"id":5792,"date":"2023-06-19T13:51:41","date_gmt":"2023-06-19T11:51:41","guid":{"rendered":"https:\/\/polytech-nancy.univ-lorraine.fr\/?page_id=5792"},"modified":"2023-07-18T16:59:55","modified_gmt":"2023-07-18T14:59:55","slug":"student-life","status":"publish","type":"page","link":"https:\/\/polytech-nancy.univ-lorraine.fr\/en\/student-life\/","title":{"rendered":"Student Life"},"content":{"rendered":"\t\t<div data-elementor-type=\"wp-page\" data-elementor-id=\"5792\" class=\"elementor elementor-5792 elementor-1957\" data-elementor-post-type=\"page\">\n\t\t\t\t<div class=\"elementor-element elementor-element-6619cfad e-con-full e-flex e-con e-parent\" data-id=\"6619cfad\" data-element_type=\"container\" data-e-type=\"container\">\n\t\t<div class=\"elementor-element elementor-element-4fb1f6f9 e-con-full e-flex e-con e-parent\" data-id=\"4fb1f6f9\" data-element_type=\"container\" data-e-type=\"container\" data-settings=\"{&quot;background_background&quot;:&quot;classic&quot;}\">\n\t\t\t\t<\/div>\n\t\t<div class=\"elementor-element elementor-element-96977f3 e-con-full e-flex e-con e-parent\" data-id=\"96977f3\" data-element_type=\"container\" data-e-type=\"container\" data-settings=\"{&quot;background_background&quot;:&quot;classic&quot;}\">\n\t\t\t\t<div class=\"elementor-element elementor-element-3d005b2c elementor-widget elementor-widget-heading\" data-id=\"3d005b2c\" data-element_type=\"widget\" data-e-type=\"widget\" data-widget_type=\"heading.default\">\n\t\t\t\t\t<h1 class=\"elementor-heading-title elementor-size-default\">Student Life<\/h1>\t\t\t\t<\/div>\n\t\t\t\t<\/div>\n\t\t\t\t<\/div>\n\t\t<div class=\"elementor-element elementor-element-351decb3 e-flex e-con-boxed e-con e-parent\" data-id=\"351decb3\" data-element_type=\"container\" data-e-type=\"container\">\n\t\t\t\t\t<div class=\"e-con-inner\">\n\t\t\t\t<div class=\"elementor-element elementor-element-446831ef elementor-widget elementor-widget-breadcrumbs\" data-id=\"446831ef\" data-element_type=\"widget\" data-e-type=\"widget\" data-widget_type=\"breadcrumbs.default\">\n\t\t\t\t\t<p id=\"breadcrumbs\"><span><span><a href=\"https:\/\/polytech-nancy.univ-lorraine.fr\/en\/\">Home<\/a><\/span><\/span><\/p>\t\t\t\t<\/div>\n\t\t\t\t<div class=\"elementor-element elementor-element-158315e1 elementor-widget elementor-widget-heading\" data-id=\"158315e1\" data-element_type=\"widget\" data-e-type=\"widget\" data-widget_type=\"heading.default\">\n\t\t\t\t\t<p class=\"elementor-heading-title elementor-size-default\">The student life at Polytech Nancy is animated by the Students Office. This student association harmonizes school life and leisure time thanks to a snack bar, a sports hall and over 30 clubs.<\/p>\t\t\t\t<\/div>\n\t\t<div class=\"elementor-element elementor-element-786ab6f e-flex e-con-boxed e-con e-parent\" data-id=\"786ab6f\" data-element_type=\"container\" data-e-type=\"container\">\n\t\t\t\t\t<div class=\"e-con-inner\">\n\t\t<div class=\"elementor-element elementor-element-a607f0 e-con-full e-flex e-con e-parent\" data-id=\"a607f0\" data-element_type=\"container\" data-e-type=\"container\">\n\t\t<div class=\"elementor-element elementor-element-47f01f1 e-flex e-con-boxed e-con e-parent\" data-id=\"47f01f1\" data-element_type=\"container\" data-e-type=\"container\">\n\t\t\t\t\t<div class=\"e-con-inner\">\n\t\t\t\t<div class=\"elementor-element elementor-element-f6bcf53 elementor-widget elementor-widget-heading\" data-id=\"f6bcf53\" data-element_type=\"widget\" data-e-type=\"widget\" data-widget_type=\"heading.default\">\n\t\t\t\t\t<h2 class=\"elementor-heading-title elementor-size-default\">The clubs<\/h2>\t\t\t\t<\/div>\n\t\t\t\t<div class=\"elementor-element elementor-element-3826402 poly-ratio poly-ratio-16-9 elementor-widget elementor-widget-image\" data-id=\"3826402\" data-element_type=\"widget\" data-e-type=\"widget\" data-widget_type=\"image.default\">\n\t\t\t\t\t\t\t\t\t\t\t\t\t\t\t<img fetchpriority=\"high\" decoding=\"async\" width=\"800\" height=\"506\" src=\"https:\/\/polytech-nancy.univ-lorraine.fr\/wp-content\/uploads\/etudiants03.jpg\" class=\"attachment-large size-large wp-image-5795\" alt=\"F\u00eate \u00e9tudiante\" srcset=\"https:\/\/polytech-nancy.univ-lorraine.fr\/wp-content\/uploads\/etudiants03.jpg 1920w, https:\/\/polytech-nancy.univ-lorraine.fr\/wp-content\/uploads\/etudiants03-600x379.jpg 600w, https:\/\/polytech-nancy.univ-lorraine.fr\/wp-content\/uploads\/etudiants03-768x486.jpg 768w, https:\/\/polytech-nancy.univ-lorraine.fr\/wp-content\/uploads\/etudiants03-1536x971.jpg 1536w\" sizes=\"(max-width: 800px) 100vw, 800px\" \/>\t\t\t\t\t\t\t\t\t\t\t\t\t\t\t<\/div>\n\t\t\t\t<div class=\"elementor-element elementor-element-516b28e elementor-widget elementor-widget-text-editor\" data-id=\"516b28e\" data-element_type=\"widget\" data-e-type=\"widget\" data-widget_type=\"text-editor.default\">\n\t\t\t\t\t\t\t\t\t<ul><li><b>Sports<\/b>: tennis, weight lifting, handball, swimming, soccer, cheerleading, rugby, \u2026<\/li><li><b>Artistic and cultural<\/b>: cinema, photography, games, music, theater, chorus, circus arts, \u2026<\/li><li><b>Misc.<\/b>: robotics, poker, computer, etc<\/li><\/ul>\t\t\t\t\t\t\t\t<\/div>\n\t\t\t\t<div class=\"elementor-element elementor-element-ca19345 elementor-widget elementor-widget-text-editor\" data-id=\"ca19345\" data-element_type=\"widget\" data-e-type=\"widget\" data-widget_type=\"text-editor.default\">\n\t\t\t\t\t\t\t\t\t<p>Each student can find what they are looking for amongst the choice of clubs. It is even possible for a student to create their own club; which is a highly encouraged initiative and would receive the help and assistance necessary to achieve this goal.<\/p>\t\t\t\t\t\t\t\t<\/div>\n\t\t\t\t\t<\/div>\n\t\t\t\t<\/div>\n\t\t<div class=\"elementor-element elementor-element-c3e5dca e-flex e-con-boxed e-con e-parent\" data-id=\"c3e5dca\" data-element_type=\"container\" data-e-type=\"container\">\n\t\t\t\t\t<div class=\"e-con-inner\">\n\t\t\t\t<div class=\"elementor-element elementor-element-806756b elementor-widget elementor-widget-heading\" data-id=\"806756b\" data-element_type=\"widget\" data-e-type=\"widget\" data-widget_type=\"heading.default\">\n\t\t\t\t\t<h2 class=\"elementor-heading-title elementor-size-default\">The events<\/h2>\t\t\t\t<\/div>\n\t\t\t\t<div class=\"elementor-element elementor-element-6af4e46 poly-ratio poly-ratio-16-9 elementor-widget elementor-widget-image\" data-id=\"6af4e46\" data-element_type=\"widget\" data-e-type=\"widget\" data-widget_type=\"image.default\">\n\t\t\t\t\t\t\t\t\t\t\t\t\t\t\t<img decoding=\"async\" width=\"800\" height=\"600\" src=\"https:\/\/polytech-nancy.univ-lorraine.fr\/wp-content\/uploads\/associations.jpg\" class=\"attachment-large size-large wp-image-3977\" alt=\"\" srcset=\"https:\/\/polytech-nancy.univ-lorraine.fr\/wp-content\/uploads\/associations.jpg 1400w, https:\/\/polytech-nancy.univ-lorraine.fr\/wp-content\/uploads\/associations-600x450.jpg 600w, https:\/\/polytech-nancy.univ-lorraine.fr\/wp-content\/uploads\/associations-768x576.jpg 768w\" sizes=\"(max-width: 800px) 100vw, 800px\" \/>\t\t\t\t\t\t\t\t\t\t\t\t\t\t\t<\/div>\n\t\t\t\t<div class=\"elementor-element elementor-element-c96495e elementor-widget elementor-widget-text-editor\" data-id=\"c96495e\" data-element_type=\"widget\" data-e-type=\"widget\" data-widget_type=\"text-editor.default\">\n\t\t\t\t\t\t\t\t\t<p>All events are organized by different teams such as the \u201corientation\u201d team who takes care of new students, the \u201cleisure\u201d team who organizes parties throughout the year, the \u201ctravel\u201d team who organises travels, etc.<\/p><p>The most important events of the School are:<\/p><ul><li aria-level=\"1\">The <i>Gala<\/i> is a formal dinner party organized annually which enables to reunite, in a convivial and festive atmosphere, students, staff and alumni of the School.<\/li><li aria-level=\"1\">The <i>Joutes du T\u00e9m\u00e9raire<\/i> is the biggest festival of role playing and games in the East of France. It has been organized for 25 years by a team of students from Polytech Nancy.<\/li><li aria-level=\"1\">The <i>24h of Stan<\/i> and <i>Aquacit\u00e9s<\/i>: students largely participate in these two events that are organized alternatively every other year in the city of Nancy. Activities for these two events include a race with cars, rafts or water jousting.<\/li><\/ul>\t\t\t\t\t\t\t\t<\/div>\n\t\t\t\t<div class=\"elementor-element elementor-element-99781d0 elementor-widget elementor-widget-text-editor\" data-id=\"99781d0\" data-element_type=\"widget\" data-e-type=\"widget\" data-widget_type=\"text-editor.default\">\n\t\t\t\t\t\t\t\t\t<p>Students organize each week dinners, outings, parties or sporting tournaments at Polytech Nancy or in Nancy.<\/p><p>At Polytech Nancy, there is a real culture of personal investment in student life. It is very educative and gratifying to give personal time and energy to others and strong bonds are formed between team members. Each student has the opportunity to be involved in one way or another.<\/p>\t\t\t\t\t\t\t\t<\/div>\n\t\t\t\t\t<\/div>\n\t\t\t\t<\/div>\n\t\t\t\t<\/div>\n\t\t<div class=\"elementor-element elementor-element-12190606 e-flex e-con-boxed e-con e-parent\" data-id=\"12190606\" data-element_type=\"container\" data-e-type=\"container\">\n\t\t\t\t\t<div class=\"e-con-inner\">\n\t\t\t\t\t<\/div>\n\t\t\t\t<\/div>\n\t\t\t\t\t<\/div>\n\t\t\t\t<\/div>\n\t\t\t\t\t<\/div>\n\t\t\t\t<\/div>\n\t\t<div class=\"elementor-element elementor-element-55dba8fd e-flex e-con-boxed e-con e-parent\" data-id=\"55dba8fd\" data-element_type=\"container\" data-e-type=\"container\" data-settings=\"{&quot;background_background&quot;:&quot;classic&quot;}\">\n\t\t\t\t\t<div class=\"e-con-inner\">\n\t\t<a class=\"elementor-element elementor-element-3882a4c2 e-con-full poly-subnav-card e-flex e-con e-parent\" data-id=\"3882a4c2\" data-element_type=\"container\" data-e-type=\"container\" data-settings=\"{&quot;background_background&quot;:&quot;classic&quot;}\" href=\"https:\/\/polytech-nancy.univ-lorraine.fr\/vie-etudiante\/logement-et-restauration\/\">\n\t\t\t\t<div class=\"elementor-element elementor-element-cb04561 poly-ratio poly-ratio-16-9 elementor-widget elementor-widget-image\" data-id=\"cb04561\" data-element_type=\"widget\" data-e-type=\"widget\" data-widget_type=\"image.default\">\n\t\t\t\t\t\t\t\t\t\t\t\t\t\t\t<img decoding=\"async\" width=\"800\" height=\"532\" src=\"https:\/\/polytech-nancy.univ-lorraine.fr\/wp-content\/uploads\/etudiants-03.jpg\" class=\"attachment-large size-large wp-image-4117\" alt=\"\" srcset=\"https:\/\/polytech-nancy.univ-lorraine.fr\/wp-content\/uploads\/etudiants-03.jpg 2000w, https:\/\/polytech-nancy.univ-lorraine.fr\/wp-content\/uploads\/etudiants-03-600x399.jpg 600w, https:\/\/polytech-nancy.univ-lorraine.fr\/wp-content\/uploads\/etudiants-03-768x511.jpg 768w, https:\/\/polytech-nancy.univ-lorraine.fr\/wp-content\/uploads\/etudiants-03-1536x1022.jpg 1536w\" sizes=\"(max-width: 800px) 100vw, 800px\" \/>\t\t\t\t\t\t\t\t\t\t\t\t\t\t\t<\/div>\n\t\t<div class=\"elementor-element elementor-element-400caf32 poly-subnav-card-text e-flex e-con-boxed e-con e-parent\" data-id=\"400caf32\" data-element_type=\"container\" data-e-type=\"container\">\n\t\t\t\t\t<div class=\"e-con-inner\">\n\t\t\t\t<div class=\"elementor-element elementor-element-1b8f805d elementor-widget elementor-widget-heading\" data-id=\"1b8f805d\" data-element_type=\"widget\" data-e-type=\"widget\" data-widget_type=\"heading.default\">\n\t\t\t\t\t<h3 class=\"elementor-heading-title elementor-size-default\">Housing and Catering<\/h3>\t\t\t\t<\/div>\n\t\t\t\t<div class=\"elementor-element elementor-element-60c002f4 elementor-widget elementor-widget-text-editor\" data-id=\"60c002f4\" data-element_type=\"widget\" data-e-type=\"widget\" data-widget_type=\"text-editor.default\">\n\t\t\t\t\t\t\t\t\t<p>Lorem ipsum dolor sit amet, consectetur adipiscing elit. Ut elit tellus, luctus nec ullamcorper mattis, pulvinar dapibus leo.<\/p>\t\t\t\t\t\t\t\t<\/div>\n\t\t\t\t<div class=\"elementor-element elementor-element-5126a4e3 poly-subnav-card-more-icon elementor-view-default elementor-widget elementor-widget-icon\" data-id=\"5126a4e3\" data-element_type=\"widget\" data-e-type=\"widget\" data-widget_type=\"icon.default\">\n\t\t\t\t\t\t\t<div class=\"elementor-icon-wrapper\">\n\t\t\t<div class=\"elementor-icon\">\n\t\t\t<svg aria-hidden=\"true\" class=\"e-font-icon-svg e-fas-arrow-circle-right\" viewBox=\"0 0 512 512\" xmlns=\"http:\/\/www.w3.org\/2000\/svg\"><path d=\"M256 8c137 0 248 111 248 248S393 504 256 504 8 393 8 256 119 8 256 8zm-28.9 143.6l75.5 72.4H120c-13.3 0-24 10.7-24 24v16c0 13.3 10.7 24 24 24h182.6l-75.5 72.4c-9.7 9.3-9.9 24.8-.4 34.3l11 10.9c9.4 9.4 24.6 9.4 33.9 0L404.3 273c9.4-9.4 9.4-24.6 0-33.9L271.6 106.3c-9.4-9.4-24.6-9.4-33.9 0l-11 10.9c-9.5 9.6-9.3 25.1.4 34.4z\"><\/path><\/svg>\t\t\t<\/div>\n\t\t<\/div>\n\t\t\t\t\t\t<\/div>\n\t\t\t\t\t<\/div>\n\t\t\t\t<\/div>\n\t\t\t\t<\/a>\n\t\t\t\t\t<\/div>\n\t\t\t\t<\/div>\n\t\t\t\t<\/div>\n\t\t","protected":false},"excerpt":{"rendered":"<p>The student life at Polytech Nancy is animated by the Students Office. This student association harmonizes school life and leisure time thanks to a snack bar, a sports hall and over 30 clubs. The clubs Sports: tennis, weight lifting, handball, swimming, soccer, cheerleading, rugby, \u2026 Artistic and cultural: cinema, photography, games, music, theater, chorus, circus [&hellip;]<\/p>\n","protected":false},"author":1,"featured_media":0,"parent":0,"menu_order":0,"comment_status":"closed","ping_status":"closed","template":"","meta":{"inline_featured_image":false,"footnotes":""},"class_list":["post-5792","page","type-page","status-publish","hentry"],"yoast_head":"<!-- This site is optimized with the Yoast SEO plugin v27.5 - https:\/\/yoast.com\/product\/yoast-seo-wordpress\/ -->\n<title>Student Life - Polytech Nancy<\/title>\n<meta name=\"robots\" content=\"index, follow, max-snippet:-1, max-image-preview:large, max-video-preview:-1\" \/>\n<link rel=\"canonical\" href=\"https:\/\/polytech-nancy.univ-lorraine.fr\/en\/student-life\/\" \/>\n<meta property=\"og:locale\" content=\"en_US\" \/>\n<meta property=\"og:type\" content=\"article\" \/>\n<meta property=\"og:title\" content=\"Student Life - Polytech Nancy\" \/>\n<meta property=\"og:description\" content=\"The student life at Polytech Nancy is animated by the Students Office. This student association harmonizes school life and leisure time thanks to a snack bar, a sports hall and over 30 clubs. The clubs Sports: tennis, weight lifting, handball, swimming, soccer, cheerleading, rugby, \u2026 Artistic and cultural: cinema, photography, games, music, theater, chorus, circus [&hellip;]\" \/>\n<meta property=\"og:url\" content=\"https:\/\/polytech-nancy.univ-lorraine.fr\/en\/student-life\/\" \/>\n<meta property=\"og:site_name\" content=\"Polytech Nancy\" \/>\n<meta property=\"article:publisher\" content=\"https:\/\/www.facebook.com\/PolytechNancy\/\" \/>\n<meta property=\"article:modified_time\" content=\"2023-07-18T14:59:55+00:00\" \/>\n<meta property=\"og:image\" content=\"https:\/\/polytech-nancy.univ-lorraine.fr\/wp-content\/uploads\/etudiants03.jpg\" \/>\n<meta name=\"twitter:card\" content=\"summary_large_image\" \/>\n<meta name=\"twitter:site\" content=\"@PolytechNancy\" \/>\n<meta name=\"twitter:label1\" content=\"Est. reading time\" \/>\n\t<meta name=\"twitter:data1\" content=\"3 minutes\" \/>\n<script type=\"application\/ld+json\" class=\"yoast-schema-graph\">{\"@context\":\"https:\\\/\\\/schema.org\",\"@graph\":[{\"@type\":\"WebPage\",\"@id\":\"https:\\\/\\\/polytech-nancy.univ-lorraine.fr\\\/en\\\/student-life\\\/\",\"url\":\"https:\\\/\\\/polytech-nancy.univ-lorraine.fr\\\/en\\\/student-life\\\/\",\"name\":\"Student Life - Polytech Nancy\",\"isPartOf\":{\"@id\":\"https:\\\/\\\/polytech-nancy.univ-lorraine.fr\\\/en\\\/#website\"},\"primaryImageOfPage\":{\"@id\":\"https:\\\/\\\/polytech-nancy.univ-lorraine.fr\\\/en\\\/student-life\\\/#primaryimage\"},\"image\":{\"@id\":\"https:\\\/\\\/polytech-nancy.univ-lorraine.fr\\\/en\\\/student-life\\\/#primaryimage\"},\"thumbnailUrl\":\"https:\\\/\\\/polytech-nancy.univ-lorraine.fr\\\/wp-content\\\/uploads\\\/etudiants03.jpg\",\"datePublished\":\"2023-06-19T11:51:41+00:00\",\"dateModified\":\"2023-07-18T14:59:55+00:00\",\"breadcrumb\":{\"@id\":\"https:\\\/\\\/polytech-nancy.univ-lorraine.fr\\\/en\\\/student-life\\\/#breadcrumb\"},\"inLanguage\":\"en-US\",\"potentialAction\":[{\"@type\":\"ReadAction\",\"target\":[\"https:\\\/\\\/polytech-nancy.univ-lorraine.fr\\\/en\\\/student-life\\\/\"]}]},{\"@type\":\"ImageObject\",\"inLanguage\":\"en-US\",\"@id\":\"https:\\\/\\\/polytech-nancy.univ-lorraine.fr\\\/en\\\/student-life\\\/#primaryimage\",\"url\":\"https:\\\/\\\/polytech-nancy.univ-lorraine.fr\\\/wp-content\\\/uploads\\\/etudiants03.jpg\",\"contentUrl\":\"https:\\\/\\\/polytech-nancy.univ-lorraine.fr\\\/wp-content\\\/uploads\\\/etudiants03.jpg\"},{\"@type\":\"BreadcrumbList\",\"@id\":\"https:\\\/\\\/polytech-nancy.univ-lorraine.fr\\\/en\\\/student-life\\\/#breadcrumb\",\"itemListElement\":[{\"@type\":\"ListItem\",\"position\":1,\"name\":\"Home\",\"item\":\"https:\\\/\\\/polytech-nancy.univ-lorraine.fr\\\/en\\\/\"},{\"@type\":\"ListItem\",\"position\":2,\"name\":\"Student Life\"}]},{\"@type\":\"WebSite\",\"@id\":\"https:\\\/\\\/polytech-nancy.univ-lorraine.fr\\\/en\\\/#website\",\"url\":\"https:\\\/\\\/polytech-nancy.univ-lorraine.fr\\\/en\\\/\",\"name\":\"Polytech Nancy\",\"description\":\"\u00c9cole d&#039;ing\u00e9nieurs publique de l&#039;Universit\u00e9 de Lorraine\",\"publisher\":{\"@id\":\"https:\\\/\\\/polytech-nancy.univ-lorraine.fr\\\/en\\\/#organization\"},\"potentialAction\":[{\"@type\":\"SearchAction\",\"target\":{\"@type\":\"EntryPoint\",\"urlTemplate\":\"https:\\\/\\\/polytech-nancy.univ-lorraine.fr\\\/en\\\/?s={search_term_string}\"},\"query-input\":{\"@type\":\"PropertyValueSpecification\",\"valueRequired\":true,\"valueName\":\"search_term_string\"}}],\"inLanguage\":\"en-US\"},{\"@type\":\"Organization\",\"@id\":\"https:\\\/\\\/polytech-nancy.univ-lorraine.fr\\\/en\\\/#organization\",\"name\":\"Polytech Nancy\",\"url\":\"https:\\\/\\\/polytech-nancy.univ-lorraine.fr\\\/en\\\/\",\"logo\":{\"@type\":\"ImageObject\",\"inLanguage\":\"en-US\",\"@id\":\"https:\\\/\\\/polytech-nancy.univ-lorraine.fr\\\/en\\\/#\\\/schema\\\/logo\\\/image\\\/\",\"url\":\"https:\\\/\\\/polytech-nancy.univ-lorraine.fr\\\/wp-content\\\/uploads\\\/logo-polytech-nancy.svg\",\"contentUrl\":\"https:\\\/\\\/polytech-nancy.univ-lorraine.fr\\\/wp-content\\\/uploads\\\/logo-polytech-nancy.svg\",\"width\":257,\"height\":80,\"caption\":\"Polytech Nancy\"},\"image\":{\"@id\":\"https:\\\/\\\/polytech-nancy.univ-lorraine.fr\\\/en\\\/#\\\/schema\\\/logo\\\/image\\\/\"},\"sameAs\":[\"https:\\\/\\\/www.facebook.com\\\/PolytechNancy\\\/\",\"https:\\\/\\\/x.com\\\/PolytechNancy\",\"https:\\\/\\\/www.instagram.com\\\/polytechnancy\\\/\",\"https:\\\/\\\/www.youtube.com\\\/channel\\\/UCVa-BOR2klK-ljxGcT3lpOw\"]}]}<\/script>\n<!-- \/ Yoast SEO plugin. -->","yoast_head_json":{"title":"Student Life - Polytech Nancy","robots":{"index":"index","follow":"follow","max-snippet":"max-snippet:-1","max-image-preview":"max-image-preview:large","max-video-preview":"max-video-preview:-1"},"canonical":"https:\/\/polytech-nancy.univ-lorraine.fr\/en\/student-life\/","og_locale":"en_US","og_type":"article","og_title":"Student Life - Polytech Nancy","og_description":"The student life at Polytech Nancy is animated by the Students Office. This student association harmonizes school life and leisure time thanks to a snack bar, a sports hall and over 30 clubs. The clubs Sports: tennis, weight lifting, handball, swimming, soccer, cheerleading, rugby, \u2026 Artistic and cultural: cinema, photography, games, music, theater, chorus, circus [&hellip;]","og_url":"https:\/\/polytech-nancy.univ-lorraine.fr\/en\/student-life\/","og_site_name":"Polytech Nancy","article_publisher":"https:\/\/www.facebook.com\/PolytechNancy\/","article_modified_time":"2023-07-18T14:59:55+00:00","og_image":[{"url":"https:\/\/polytech-nancy.univ-lorraine.fr\/wp-content\/uploads\/etudiants03.jpg","type":"","width":"","height":""}],"twitter_card":"summary_large_image","twitter_site":"@PolytechNancy","twitter_misc":{"Est. reading time":"3 minutes"},"schema":{"@context":"https:\/\/schema.org","@graph":[{"@type":"WebPage","@id":"https:\/\/polytech-nancy.univ-lorraine.fr\/en\/student-life\/","url":"https:\/\/polytech-nancy.univ-lorraine.fr\/en\/student-life\/","name":"Student Life - Polytech Nancy","isPartOf":{"@id":"https:\/\/polytech-nancy.univ-lorraine.fr\/en\/#website"},"primaryImageOfPage":{"@id":"https:\/\/polytech-nancy.univ-lorraine.fr\/en\/student-life\/#primaryimage"},"image":{"@id":"https:\/\/polytech-nancy.univ-lorraine.fr\/en\/student-life\/#primaryimage"},"thumbnailUrl":"https:\/\/polytech-nancy.univ-lorraine.fr\/wp-content\/uploads\/etudiants03.jpg","datePublished":"2023-06-19T11:51:41+00:00","dateModified":"2023-07-18T14:59:55+00:00","breadcrumb":{"@id":"https:\/\/polytech-nancy.univ-lorraine.fr\/en\/student-life\/#breadcrumb"},"inLanguage":"en-US","potentialAction":[{"@type":"ReadAction","target":["https:\/\/polytech-nancy.univ-lorraine.fr\/en\/student-life\/"]}]},{"@type":"ImageObject","inLanguage":"en-US","@id":"https:\/\/polytech-nancy.univ-lorraine.fr\/en\/student-life\/#primaryimage","url":"https:\/\/polytech-nancy.univ-lorraine.fr\/wp-content\/uploads\/etudiants03.jpg","contentUrl":"https:\/\/polytech-nancy.univ-lorraine.fr\/wp-content\/uploads\/etudiants03.jpg"},{"@type":"BreadcrumbList","@id":"https:\/\/polytech-nancy.univ-lorraine.fr\/en\/student-life\/#breadcrumb","itemListElement":[{"@type":"ListItem","position":1,"name":"Home","item":"https:\/\/polytech-nancy.univ-lorraine.fr\/en\/"},{"@type":"ListItem","position":2,"name":"Student Life"}]},{"@type":"WebSite","@id":"https:\/\/polytech-nancy.univ-lorraine.fr\/en\/#website","url":"https:\/\/polytech-nancy.univ-lorraine.fr\/en\/","name":"Polytech Nancy","description":"\u00c9cole d&#039;ing\u00e9nieurs publique de l&#039;Universit\u00e9 de Lorraine","publisher":{"@id":"https:\/\/polytech-nancy.univ-lorraine.fr\/en\/#organization"},"potentialAction":[{"@type":"SearchAction","target":{"@type":"EntryPoint","urlTemplate":"https:\/\/polytech-nancy.univ-lorraine.fr\/en\/?s={search_term_string}"},"query-input":{"@type":"PropertyValueSpecification","valueRequired":true,"valueName":"search_term_string"}}],"inLanguage":"en-US"},{"@type":"Organization","@id":"https:\/\/polytech-nancy.univ-lorraine.fr\/en\/#organization","name":"Polytech Nancy","url":"https:\/\/polytech-nancy.univ-lorraine.fr\/en\/","logo":{"@type":"ImageObject","inLanguage":"en-US","@id":"https:\/\/polytech-nancy.univ-lorraine.fr\/en\/#\/schema\/logo\/image\/","url":"https:\/\/polytech-nancy.univ-lorraine.fr\/wp-content\/uploads\/logo-polytech-nancy.svg","contentUrl":"https:\/\/polytech-nancy.univ-lorraine.fr\/wp-content\/uploads\/logo-polytech-nancy.svg","width":257,"height":80,"caption":"Polytech Nancy"},"image":{"@id":"https:\/\/polytech-nancy.univ-lorraine.fr\/en\/#\/schema\/logo\/image\/"},"sameAs":["https:\/\/www.facebook.com\/PolytechNancy\/","https:\/\/x.com\/PolytechNancy","https:\/\/www.instagram.com\/polytechnancy\/","https:\/\/www.youtube.com\/channel\/UCVa-BOR2klK-ljxGcT3lpOw"]}]}},"_links":{"self":[{"href":"https:\/\/polytech-nancy.univ-lorraine.fr\/en\/wp-json\/wp\/v2\/pages\/5792","targetHints":{"allow":["GET"]}}],"collection":[{"href":"https:\/\/polytech-nancy.univ-lorraine.fr\/en\/wp-json\/wp\/v2\/pages"}],"about":[{"href":"https:\/\/polytech-nancy.univ-lorraine.fr\/en\/wp-json\/wp\/v2\/types\/page"}],"author":[{"embeddable":true,"href":"https:\/\/polytech-nancy.univ-lorraine.fr\/en\/wp-json\/wp\/v2\/users\/1"}],"replies":[{"embeddable":true,"href":"https:\/\/polytech-nancy.univ-lorraine.fr\/en\/wp-json\/wp\/v2\/comments?post=5792"}],"version-history":[{"count":4,"href":"https:\/\/polytech-nancy.univ-lorraine.fr\/en\/wp-json\/wp\/v2\/pages\/5792\/revisions"}],"predecessor-version":[{"id":5799,"href":"https:\/\/polytech-nancy.univ-lorraine.fr\/en\/wp-json\/wp\/v2\/pages\/5792\/revisions\/5799"}],"wp:attachment":[{"href":"https:\/\/polytech-nancy.univ-lorraine.fr\/en\/wp-json\/wp\/v2\/media?parent=5792"}],"curies":[{"name":"wp","href":"https:\/\/api.w.org\/{rel}","templated":true}]}}