{"id":5800,"date":"2023-06-19T13:56:50","date_gmt":"2023-06-19T11:56:50","guid":{"rendered":"https:\/\/polytech-nancy.univ-lorraine.fr\/?page_id=5800"},"modified":"2023-07-18T17:08:40","modified_gmt":"2023-07-18T15:08:40","slug":"housing-and-catering","status":"publish","type":"page","link":"https:\/\/polytech-nancy.univ-lorraine.fr\/en\/student-life\/housing-and-catering\/","title":{"rendered":"Housing and Catering"},"content":{"rendered":"\t\t<div data-elementor-type=\"wp-page\" data-elementor-id=\"5800\" class=\"elementor elementor-5800 elementor-1970\" data-elementor-post-type=\"page\">\n\t\t\t\t<div class=\"elementor-element elementor-element-3dcfc9f0 e-con-full e-flex e-con e-parent\" data-id=\"3dcfc9f0\" data-element_type=\"container\" data-e-type=\"container\">\n\t\t<div class=\"elementor-element elementor-element-709288aa e-con-full e-flex e-con e-parent\" data-id=\"709288aa\" data-element_type=\"container\" data-e-type=\"container\" data-settings=\"{&quot;background_background&quot;:&quot;classic&quot;}\">\n\t\t\t\t<\/div>\n\t\t<div class=\"elementor-element elementor-element-22ca1f6d e-con-full e-flex e-con e-parent\" data-id=\"22ca1f6d\" data-element_type=\"container\" data-e-type=\"container\" data-settings=\"{&quot;background_background&quot;:&quot;classic&quot;}\">\n\t\t\t\t<div class=\"elementor-element elementor-element-513df6f1 elementor-widget elementor-widget-heading\" data-id=\"513df6f1\" data-element_type=\"widget\" data-e-type=\"widget\" data-widget_type=\"heading.default\">\n\t\t\t\t\t<h2 class=\"elementor-heading-title elementor-size-default\">Student life<\/h2>\t\t\t\t<\/div>\n\t\t\t\t<div class=\"elementor-element elementor-element-179a203 elementor-widget elementor-widget-heading\" data-id=\"179a203\" data-element_type=\"widget\" data-e-type=\"widget\" data-widget_type=\"heading.default\">\n\t\t\t\t\t<h1 class=\"elementor-heading-title elementor-size-default\">Housing and Catering<\/h1>\t\t\t\t<\/div>\n\t\t\t\t<\/div>\n\t\t\t\t<\/div>\n\t\t<div class=\"elementor-element elementor-element-617f4ad1 e-flex e-con-boxed e-con e-parent\" data-id=\"617f4ad1\" data-element_type=\"container\" data-e-type=\"container\">\n\t\t\t\t\t<div class=\"e-con-inner\">\n\t\t\t\t<div class=\"elementor-element elementor-element-4fffa825 elementor-widget elementor-widget-breadcrumbs\" data-id=\"4fffa825\" data-element_type=\"widget\" data-e-type=\"widget\" data-widget_type=\"breadcrumbs.default\">\n\t\t\t\t\t<p id=\"breadcrumbs\"><span><span><a href=\"https:\/\/polytech-nancy.univ-lorraine.fr\/en\/\">Home<\/a><\/span><\/span><\/p>\t\t\t\t<\/div>\n\t\t<div class=\"elementor-element elementor-element-192f291a e-flex e-con-boxed e-con e-parent\" data-id=\"192f291a\" data-element_type=\"container\" data-e-type=\"container\">\n\t\t\t\t\t<div class=\"e-con-inner\">\n\t\t<div class=\"elementor-element elementor-element-67c25191 e-con-full e-flex e-con e-parent\" data-id=\"67c25191\" data-element_type=\"container\" data-e-type=\"container\">\n\t\t<div class=\"elementor-element elementor-element-18a0a378 e-flex e-con-boxed e-con e-parent\" data-id=\"18a0a378\" data-element_type=\"container\" data-e-type=\"container\">\n\t\t\t\t\t<div class=\"e-con-inner\">\n\t\t\t\t<div class=\"elementor-element elementor-element-784f000b elementor-widget elementor-widget-heading\" data-id=\"784f000b\" data-element_type=\"widget\" data-e-type=\"widget\" data-widget_type=\"heading.default\">\n\t\t\t\t\t<h2 class=\"elementor-heading-title elementor-size-default\">Housing<\/h2>\t\t\t\t<\/div>\n\t\t\t\t<div class=\"elementor-element elementor-element-565b139a elementor-widget elementor-widget-text-editor\" data-id=\"565b139a\" data-element_type=\"widget\" data-e-type=\"widget\" data-widget_type=\"text-editor.default\">\n\t\t\t\t\t\t\t\t\t<p>The closest towns to Polytech Nancy are Vandoeuvre, Heillecourt, Houdement, Jarville and Nancy.<\/p>\t\t\t\t\t\t\t\t<\/div>\n\t\t\t\t<div class=\"elementor-element elementor-element-42e39325 elementor-widget elementor-widget-heading\" data-id=\"42e39325\" data-element_type=\"widget\" data-e-type=\"widget\" data-widget_type=\"heading.default\">\n\t\t\t\t\t<h3 class=\"elementor-heading-title elementor-size-default\">University Housing<\/h3>\t\t\t\t<\/div>\n\t\t\t\t<div class=\"elementor-element elementor-element-8bb9fd1 elementor-widget elementor-widget-text-editor\" data-id=\"8bb9fd1\" data-element_type=\"widget\" data-e-type=\"widget\" data-widget_type=\"text-editor.default\">\n\t\t\t\t\t\t\t\t\t<p>University Housing in Nancy is managed by the CROUS. Dormitories, studios and apartments are available. Future students should apply for student housing to the CROUS before May 31<sup>st<\/sup>.<\/p><p>CROUS Lorraine: 75 rue de Laxou &#8211; F-54042 Nancy Cedex<br \/>Ph: 33 (0)3 83 91 88 00\u00a0 &#8211;\u00a0 Grants and Housing Dept.: 33 (0)3 83 91 88 20<br \/>Website: <a href=\"http:\/\/www.crous-lorraine.fr\/\" target=\"_blank\" rel=\"noopener\">http:\/\/www.crous-lorraine.fr<\/a><\/p><p>The student housing across the street from Polytech Nancy is called R\u00e9sidence de la Haute Malgrange. It has 157 rooms and 65 mini studios, occupied primarily with Polytech Nancy students. Common kitchens, computer rooms and WI-FI are all available to all the residents. Other studios and apartments also managed by the CROUS are about 5 minutes away from the school, in the town of Vandoeuvre-l\u00e8s-Nancy.<\/p>\t\t\t\t\t\t\t\t<\/div>\n\t\t\t\t<div class=\"elementor-element elementor-element-a58b1e2 elementor-widget elementor-widget-heading\" data-id=\"a58b1e2\" data-element_type=\"widget\" data-e-type=\"widget\" data-widget_type=\"heading.default\">\n\t\t\t\t\t<h3 class=\"elementor-heading-title elementor-size-default\">Private Student Housing<\/h3>\t\t\t\t<\/div>\n\t\t\t\t<div class=\"elementor-element elementor-element-fa629f8 elementor-widget elementor-widget-text-editor\" data-id=\"fa629f8\" data-element_type=\"widget\" data-e-type=\"widget\" data-widget_type=\"text-editor.default\">\n\t\t\t\t\t\t\t\t\t<p>The residence ARBOREA situated within a few minutes walking distance from Polytech Nancy provides furnished studios (Address: 6 rue de la Haute Malgrange).<\/p>\t\t\t\t\t\t\t\t<\/div>\n\t\t\t\t<div class=\"elementor-element elementor-element-7464d26 elementor-widget elementor-widget-heading\" data-id=\"7464d26\" data-element_type=\"widget\" data-e-type=\"widget\" data-widget_type=\"heading.default\">\n\t\t\t\t\t<h3 class=\"elementor-heading-title elementor-size-default\">Individual Housing<\/h3>\t\t\t\t<\/div>\n\t\t\t\t<div class=\"elementor-element elementor-element-68eff48 elementor-widget elementor-widget-text-editor\" data-id=\"68eff48\" data-element_type=\"widget\" data-e-type=\"widget\" data-widget_type=\"text-editor.default\">\n\t\t\t\t\t\t\t\t\t<ul><li aria-level=\"1\">The Polytech Group has put in place a housing platform for its students. Access to this website is free, secure and exclusively reserved for students attending Polytech. This allows students to find housing not only near the school, but around the world. To consult the offers, visit: <a href=\"https:\/\/polytech-reseau.immojeune.com\/\" target=\"_blank\" rel=\"noopener\">https:\/\/polytech-reseau.immojeune.com<\/a><\/li><li aria-level=\"1\">Several real estate agencies advertise studios and apartments in Nancy and in the surrounding area<\/li><li aria-level=\"1\">The school has a list of accommodations for rent by private owners. The type of accommodation varies from a room, a studio or an apartment, furnished or not. This list is available to all students coming to Polytech Nancy. The students interested in one of these rentals can contact the owners directly. This list is available starting June 10th<\/li><\/ul><p>Please contact the reception desk: 33 (0)3 72 74 69 00<\/p>\t\t\t\t\t\t\t\t<\/div>\n\t\t\t\t<div class=\"elementor-element elementor-element-9939a5c elementor-widget elementor-widget-heading\" data-id=\"9939a5c\" data-element_type=\"widget\" data-e-type=\"widget\" data-widget_type=\"heading.default\">\n\t\t\t\t\t<h2 class=\"elementor-heading-title elementor-size-default\">RESTAURANTS<\/h2>\t\t\t\t<\/div>\n\t\t\t\t<div class=\"elementor-element elementor-element-91a348c elementor-widget elementor-widget-text-editor\" data-id=\"91a348c\" data-element_type=\"widget\" data-e-type=\"widget\" data-widget_type=\"text-editor.default\">\n\t\t\t\t\t\t\t\t\t<p>Students at Polytech Nancy have a 2-hour lunch break between 12:00 and 2:00 pm; they can go the University Restaurants which are in Vandoeuvre or Nancy.<br \/>They can also have lunch at the snackbar in Polytech Nancy which is open from 7:45 am to 3:00 pm.<\/p>\t\t\t\t\t\t\t\t<\/div>\n\t\t\t\t\t<\/div>\n\t\t\t\t<\/div>\n\t\t\t\t<\/div>\n\t\t<div class=\"elementor-element elementor-element-23f25bfb e-flex e-con-boxed e-con e-parent\" data-id=\"23f25bfb\" data-element_type=\"container\" data-e-type=\"container\">\n\t\t\t\t\t<div class=\"e-con-inner\">\n\t\t<div class=\"elementor-element elementor-element-3ed5f84f e-con-full jedv-enabled--yes e-flex e-con e-parent\" data-id=\"3ed5f84f\" data-element_type=\"container\" data-e-type=\"container\">\n\t\t\t\t<div class=\"elementor-element elementor-element-45e80615 elementor-widget elementor-widget-jet-listing-grid\" data-id=\"45e80615\" data-element_type=\"widget\" data-e-type=\"widget\" data-settings=\"{&quot;columns&quot;:&quot;1&quot;}\" data-widget_type=\"jet-listing-grid.default\">\n\t\t\t\t\t<div class=\"jet-listing-grid jet-listing-grid--lazy-load jet-listing jet-listing-grid-loading\" data-lazy-load=\"{&quot;offset&quot;:&quot;200px&quot;,&quot;post_id&quot;:5800,&quot;queried_id&quot;:&quot;5800|WP_Post&quot;}\"><div class=\"jet-listing-grid__loader\"><div class=\"jet-listing-grid__loader-spinner\"><\/div><\/div><\/div>\t\t\t\t<\/div>\n\t\t\t\t<\/div>\n\t\t\t\t\t<\/div>\n\t\t\t\t<\/div>\n\t\t\t\t\t<\/div>\n\t\t\t\t<\/div>\n\t\t\t\t\t<\/div>\n\t\t\t\t<\/div>\n\t\t\t\t<\/div>\n\t\t","protected":false},"excerpt":{"rendered":"<p>Student life Housing The closest towns to Polytech Nancy are Vandoeuvre, Heillecourt, Houdement, Jarville and Nancy. University Housing University Housing in Nancy is managed by the CROUS. Dormitories, studios and apartments are available. Future students should apply for student housing to the CROUS before May 31st. CROUS Lorraine: 75 rue de Laxou &#8211; F-54042 Nancy [&hellip;]<\/p>\n","protected":false},"author":1,"featured_media":0,"parent":5792,"menu_order":0,"comment_status":"closed","ping_status":"closed","template":"","meta":{"inline_featured_image":false,"footnotes":""},"class_list":["post-5800","page","type-page","status-publish","hentry"],"yoast_head":"<!-- This site is optimized with the Yoast SEO plugin v27.4 - https:\/\/yoast.com\/product\/yoast-seo-wordpress\/ -->\n<title>Housing and Catering - Polytech Nancy<\/title>\n<meta name=\"robots\" content=\"index, follow, max-snippet:-1, max-image-preview:large, max-video-preview:-1\" \/>\n<link rel=\"canonical\" href=\"https:\/\/polytech-nancy.univ-lorraine.fr\/en\/student-life\/housing-and-catering\/\" \/>\n<meta property=\"og:locale\" content=\"en_US\" \/>\n<meta property=\"og:type\" content=\"article\" \/>\n<meta property=\"og:title\" content=\"Housing and Catering - Polytech Nancy\" \/>\n<meta property=\"og:description\" content=\"Student life Housing The closest towns to Polytech Nancy are Vandoeuvre, Heillecourt, Houdement, Jarville and Nancy. University Housing University Housing in Nancy is managed by the CROUS. Dormitories, studios and apartments are available. Future students should apply for student housing to the CROUS before May 31st. CROUS Lorraine: 75 rue de Laxou &#8211; F-54042 Nancy [&hellip;]\" \/>\n<meta property=\"og:url\" content=\"https:\/\/polytech-nancy.univ-lorraine.fr\/en\/student-life\/housing-and-catering\/\" \/>\n<meta property=\"og:site_name\" content=\"Polytech Nancy\" \/>\n<meta property=\"article:publisher\" content=\"https:\/\/www.facebook.com\/PolytechNancy\/\" \/>\n<meta property=\"article:modified_time\" content=\"2023-07-18T15:08:40+00:00\" \/>\n<meta property=\"og:image\" content=\"https:\/\/polytech-nancy.univ-lorraine.fr\/wp-content\/uploads\/logo-polytech-nancy-fallback.png\" \/>\n\t<meta property=\"og:image:width\" content=\"1200\" \/>\n\t<meta property=\"og:image:height\" content=\"675\" \/>\n\t<meta property=\"og:image:type\" content=\"image\/png\" \/>\n<meta name=\"twitter:card\" content=\"summary_large_image\" \/>\n<meta name=\"twitter:site\" content=\"@PolytechNancy\" \/>\n<meta name=\"twitter:label1\" content=\"Est. reading time\" \/>\n\t<meta name=\"twitter:data1\" content=\"2 minutes\" \/>\n<script type=\"application\/ld+json\" class=\"yoast-schema-graph\">{\"@context\":\"https:\\\/\\\/schema.org\",\"@graph\":[{\"@type\":\"WebPage\",\"@id\":\"https:\\\/\\\/polytech-nancy.univ-lorraine.fr\\\/en\\\/student-life\\\/housing-and-catering\\\/\",\"url\":\"https:\\\/\\\/polytech-nancy.univ-lorraine.fr\\\/en\\\/student-life\\\/housing-and-catering\\\/\",\"name\":\"Housing and Catering - Polytech Nancy\",\"isPartOf\":{\"@id\":\"https:\\\/\\\/polytech-nancy.univ-lorraine.fr\\\/en\\\/#website\"},\"datePublished\":\"2023-06-19T11:56:50+00:00\",\"dateModified\":\"2023-07-18T15:08:40+00:00\",\"breadcrumb\":{\"@id\":\"https:\\\/\\\/polytech-nancy.univ-lorraine.fr\\\/en\\\/student-life\\\/housing-and-catering\\\/#breadcrumb\"},\"inLanguage\":\"en-US\",\"potentialAction\":[{\"@type\":\"ReadAction\",\"target\":[\"https:\\\/\\\/polytech-nancy.univ-lorraine.fr\\\/en\\\/student-life\\\/housing-and-catering\\\/\"]}]},{\"@type\":\"BreadcrumbList\",\"@id\":\"https:\\\/\\\/polytech-nancy.univ-lorraine.fr\\\/en\\\/student-life\\\/housing-and-catering\\\/#breadcrumb\",\"itemListElement\":[{\"@type\":\"ListItem\",\"position\":1,\"name\":\"Home\",\"item\":\"https:\\\/\\\/polytech-nancy.univ-lorraine.fr\\\/en\\\/\"},{\"@type\":\"ListItem\",\"position\":2,\"name\":\"Student Life\",\"item\":\"https:\\\/\\\/polytech-nancy.univ-lorraine.fr\\\/en\\\/student-life\\\/\"},{\"@type\":\"ListItem\",\"position\":3,\"name\":\"Housing and Catering\"}]},{\"@type\":\"WebSite\",\"@id\":\"https:\\\/\\\/polytech-nancy.univ-lorraine.fr\\\/en\\\/#website\",\"url\":\"https:\\\/\\\/polytech-nancy.univ-lorraine.fr\\\/en\\\/\",\"name\":\"Polytech Nancy\",\"description\":\"\u00c9cole d&#039;ing\u00e9nieurs publique de l&#039;Universit\u00e9 de Lorraine\",\"publisher\":{\"@id\":\"https:\\\/\\\/polytech-nancy.univ-lorraine.fr\\\/en\\\/#organization\"},\"potentialAction\":[{\"@type\":\"SearchAction\",\"target\":{\"@type\":\"EntryPoint\",\"urlTemplate\":\"https:\\\/\\\/polytech-nancy.univ-lorraine.fr\\\/en\\\/?s={search_term_string}\"},\"query-input\":{\"@type\":\"PropertyValueSpecification\",\"valueRequired\":true,\"valueName\":\"search_term_string\"}}],\"inLanguage\":\"en-US\"},{\"@type\":\"Organization\",\"@id\":\"https:\\\/\\\/polytech-nancy.univ-lorraine.fr\\\/en\\\/#organization\",\"name\":\"Polytech Nancy\",\"url\":\"https:\\\/\\\/polytech-nancy.univ-lorraine.fr\\\/en\\\/\",\"logo\":{\"@type\":\"ImageObject\",\"inLanguage\":\"en-US\",\"@id\":\"https:\\\/\\\/polytech-nancy.univ-lorraine.fr\\\/en\\\/#\\\/schema\\\/logo\\\/image\\\/\",\"url\":\"https:\\\/\\\/polytech-nancy.univ-lorraine.fr\\\/wp-content\\\/uploads\\\/logo-polytech-nancy.svg\",\"contentUrl\":\"https:\\\/\\\/polytech-nancy.univ-lorraine.fr\\\/wp-content\\\/uploads\\\/logo-polytech-nancy.svg\",\"width\":257,\"height\":80,\"caption\":\"Polytech Nancy\"},\"image\":{\"@id\":\"https:\\\/\\\/polytech-nancy.univ-lorraine.fr\\\/en\\\/#\\\/schema\\\/logo\\\/image\\\/\"},\"sameAs\":[\"https:\\\/\\\/www.facebook.com\\\/PolytechNancy\\\/\",\"https:\\\/\\\/x.com\\\/PolytechNancy\",\"https:\\\/\\\/www.instagram.com\\\/polytechnancy\\\/\",\"https:\\\/\\\/www.youtube.com\\\/channel\\\/UCVa-BOR2klK-ljxGcT3lpOw\"]}]}<\/script>\n<!-- \/ Yoast SEO plugin. -->","yoast_head_json":{"title":"Housing and Catering - Polytech Nancy","robots":{"index":"index","follow":"follow","max-snippet":"max-snippet:-1","max-image-preview":"max-image-preview:large","max-video-preview":"max-video-preview:-1"},"canonical":"https:\/\/polytech-nancy.univ-lorraine.fr\/en\/student-life\/housing-and-catering\/","og_locale":"en_US","og_type":"article","og_title":"Housing and Catering - Polytech Nancy","og_description":"Student life Housing The closest towns to Polytech Nancy are Vandoeuvre, Heillecourt, Houdement, Jarville and Nancy. University Housing University Housing in Nancy is managed by the CROUS. Dormitories, studios and apartments are available. Future students should apply for student housing to the CROUS before May 31st. CROUS Lorraine: 75 rue de Laxou &#8211; F-54042 Nancy [&hellip;]","og_url":"https:\/\/polytech-nancy.univ-lorraine.fr\/en\/student-life\/housing-and-catering\/","og_site_name":"Polytech Nancy","article_publisher":"https:\/\/www.facebook.com\/PolytechNancy\/","article_modified_time":"2023-07-18T15:08:40+00:00","og_image":[{"width":1200,"height":675,"url":"https:\/\/polytech-nancy.univ-lorraine.fr\/wp-content\/uploads\/logo-polytech-nancy-fallback.png","type":"image\/png"}],"twitter_card":"summary_large_image","twitter_site":"@PolytechNancy","twitter_misc":{"Est. reading time":"2 minutes"},"schema":{"@context":"https:\/\/schema.org","@graph":[{"@type":"WebPage","@id":"https:\/\/polytech-nancy.univ-lorraine.fr\/en\/student-life\/housing-and-catering\/","url":"https:\/\/polytech-nancy.univ-lorraine.fr\/en\/student-life\/housing-and-catering\/","name":"Housing and Catering - Polytech Nancy","isPartOf":{"@id":"https:\/\/polytech-nancy.univ-lorraine.fr\/en\/#website"},"datePublished":"2023-06-19T11:56:50+00:00","dateModified":"2023-07-18T15:08:40+00:00","breadcrumb":{"@id":"https:\/\/polytech-nancy.univ-lorraine.fr\/en\/student-life\/housing-and-catering\/#breadcrumb"},"inLanguage":"en-US","potentialAction":[{"@type":"ReadAction","target":["https:\/\/polytech-nancy.univ-lorraine.fr\/en\/student-life\/housing-and-catering\/"]}]},{"@type":"BreadcrumbList","@id":"https:\/\/polytech-nancy.univ-lorraine.fr\/en\/student-life\/housing-and-catering\/#breadcrumb","itemListElement":[{"@type":"ListItem","position":1,"name":"Home","item":"https:\/\/polytech-nancy.univ-lorraine.fr\/en\/"},{"@type":"ListItem","position":2,"name":"Student Life","item":"https:\/\/polytech-nancy.univ-lorraine.fr\/en\/student-life\/"},{"@type":"ListItem","position":3,"name":"Housing and Catering"}]},{"@type":"WebSite","@id":"https:\/\/polytech-nancy.univ-lorraine.fr\/en\/#website","url":"https:\/\/polytech-nancy.univ-lorraine.fr\/en\/","name":"Polytech Nancy","description":"\u00c9cole d&#039;ing\u00e9nieurs publique de l&#039;Universit\u00e9 de Lorraine","publisher":{"@id":"https:\/\/polytech-nancy.univ-lorraine.fr\/en\/#organization"},"potentialAction":[{"@type":"SearchAction","target":{"@type":"EntryPoint","urlTemplate":"https:\/\/polytech-nancy.univ-lorraine.fr\/en\/?s={search_term_string}"},"query-input":{"@type":"PropertyValueSpecification","valueRequired":true,"valueName":"search_term_string"}}],"inLanguage":"en-US"},{"@type":"Organization","@id":"https:\/\/polytech-nancy.univ-lorraine.fr\/en\/#organization","name":"Polytech Nancy","url":"https:\/\/polytech-nancy.univ-lorraine.fr\/en\/","logo":{"@type":"ImageObject","inLanguage":"en-US","@id":"https:\/\/polytech-nancy.univ-lorraine.fr\/en\/#\/schema\/logo\/image\/","url":"https:\/\/polytech-nancy.univ-lorraine.fr\/wp-content\/uploads\/logo-polytech-nancy.svg","contentUrl":"https:\/\/polytech-nancy.univ-lorraine.fr\/wp-content\/uploads\/logo-polytech-nancy.svg","width":257,"height":80,"caption":"Polytech Nancy"},"image":{"@id":"https:\/\/polytech-nancy.univ-lorraine.fr\/en\/#\/schema\/logo\/image\/"},"sameAs":["https:\/\/www.facebook.com\/PolytechNancy\/","https:\/\/x.com\/PolytechNancy","https:\/\/www.instagram.com\/polytechnancy\/","https:\/\/www.youtube.com\/channel\/UCVa-BOR2klK-ljxGcT3lpOw"]}]}},"_links":{"self":[{"href":"https:\/\/polytech-nancy.univ-lorraine.fr\/en\/wp-json\/wp\/v2\/pages\/5800","targetHints":{"allow":["GET"]}}],"collection":[{"href":"https:\/\/polytech-nancy.univ-lorraine.fr\/en\/wp-json\/wp\/v2\/pages"}],"about":[{"href":"https:\/\/polytech-nancy.univ-lorraine.fr\/en\/wp-json\/wp\/v2\/types\/page"}],"author":[{"embeddable":true,"href":"https:\/\/polytech-nancy.univ-lorraine.fr\/en\/wp-json\/wp\/v2\/users\/1"}],"replies":[{"embeddable":true,"href":"https:\/\/polytech-nancy.univ-lorraine.fr\/en\/wp-json\/wp\/v2\/comments?post=5800"}],"version-history":[{"count":5,"href":"https:\/\/polytech-nancy.univ-lorraine.fr\/en\/wp-json\/wp\/v2\/pages\/5800\/revisions"}],"predecessor-version":[{"id":5806,"href":"https:\/\/polytech-nancy.univ-lorraine.fr\/en\/wp-json\/wp\/v2\/pages\/5800\/revisions\/5806"}],"up":[{"embeddable":true,"href":"https:\/\/polytech-nancy.univ-lorraine.fr\/en\/wp-json\/wp\/v2\/pages\/5792"}],"wp:attachment":[{"href":"https:\/\/polytech-nancy.univ-lorraine.fr\/en\/wp-json\/wp\/v2\/media?parent=5800"}],"curies":[{"name":"wp","href":"https:\/\/api.w.org\/{rel}","templated":true}]}}