{"id":5814,"date":"2023-06-15T13:27:17","date_gmt":"2023-06-15T11:27:17","guid":{"rendered":"https:\/\/polytech-nancy.univ-lorraine.fr\/?page_id=5814"},"modified":"2024-05-24T08:59:35","modified_gmt":"2024-05-24T06:59:35","slug":"polytech-nancy","status":"publish","type":"page","link":"https:\/\/polytech-nancy.univ-lorraine.fr\/en\/","title":{"rendered":"Polytech Nancy"},"content":{"rendered":"\t\t<div data-elementor-type=\"wp-page\" data-elementor-id=\"5814\" class=\"elementor elementor-5814 elementor-1146\" data-elementor-post-type=\"page\">\n\t\t\t\t<div class=\"elementor-element elementor-element-243dad64 e-con-full e-flex e-con e-parent\" data-id=\"243dad64\" data-element_type=\"container\" data-e-type=\"container\">\n\t\t\t\t<\/div>\n\t\t<div class=\"elementor-element elementor-element-3e9d7cc9 e-flex e-con-boxed e-con e-parent\" data-id=\"3e9d7cc9\" data-element_type=\"container\" data-e-type=\"container\" data-settings=\"{&quot;background_background&quot;:&quot;classic&quot;}\">\n\t\t\t\t\t<div class=\"e-con-inner\">\n\t\t\t\t<div class=\"elementor-element elementor-element-4e99fff elementor-widget__width-inherit poly-mt0 elementor-widget elementor-widget-heading\" data-id=\"4e99fff\" data-element_type=\"widget\" data-e-type=\"widget\" data-widget_type=\"heading.default\">\n\t\t\t\t\t<h2 class=\"elementor-heading-title elementor-size-default\">Apply to Polytech Nancy<\/h2>\t\t\t\t<\/div>\n\t\t<div class=\"elementor-element elementor-element-0065f3d e-flex e-con-boxed e-con e-child\" data-id=\"0065f3d\" data-element_type=\"container\" data-e-type=\"container\">\n\t\t\t\t\t<div class=\"e-con-inner\">\n\t\t<a class=\"elementor-element elementor-element-5c30efe e-con-full poly-subnav-card e-flex e-con e-child\" data-id=\"5c30efe\" data-element_type=\"container\" data-e-type=\"container\" data-settings=\"{&quot;background_background&quot;:&quot;classic&quot;}\" href=\"https:\/\/polytech-nancy.univ-lorraine.fr\/en\/programme\/preparatory-cycle\/\">\n\t\t\t\t<div class=\"elementor-element elementor-element-90c46d6 poly-ratio poly-ratio-16-9 elementor-widget elementor-widget-image\" data-id=\"90c46d6\" data-element_type=\"widget\" data-e-type=\"widget\" data-widget_type=\"image.default\">\n\t\t\t\t\t\t\t\t\t\t\t\t\t\t\t<img fetchpriority=\"high\" decoding=\"async\" width=\"800\" height=\"533\" src=\"https:\/\/polytech-nancy.univ-lorraine.fr\/wp-content\/uploads\/cycle-preparatoire.jpg\" class=\"attachment-large size-large wp-image-4030\" alt=\"\" srcset=\"https:\/\/polytech-nancy.univ-lorraine.fr\/wp-content\/uploads\/cycle-preparatoire.jpg 2000w, https:\/\/polytech-nancy.univ-lorraine.fr\/wp-content\/uploads\/cycle-preparatoire-600x400.jpg 600w, https:\/\/polytech-nancy.univ-lorraine.fr\/wp-content\/uploads\/cycle-preparatoire-768x512.jpg 768w, https:\/\/polytech-nancy.univ-lorraine.fr\/wp-content\/uploads\/cycle-preparatoire-1536x1024.jpg 1536w\" sizes=\"(max-width: 800px) 100vw, 800px\" \/>\t\t\t\t\t\t\t\t\t\t\t\t\t\t\t<\/div>\n\t\t<div class=\"elementor-element elementor-element-3e07aa2 poly-subnav-card-text e-flex e-con-boxed e-con e-child\" data-id=\"3e07aa2\" data-element_type=\"container\" data-e-type=\"container\">\n\t\t\t\t\t<div class=\"e-con-inner\">\n\t\t\t\t<div class=\"elementor-element elementor-element-5f614d2 elementor-widget elementor-widget-heading\" data-id=\"5f614d2\" data-element_type=\"widget\" data-e-type=\"widget\" data-widget_type=\"heading.default\">\n\t\t\t\t\t<h3 class=\"elementor-heading-title elementor-size-default\">Preparatory Cycle<\/h3>\t\t\t\t<\/div>\n\t\t\t\t<div class=\"elementor-element elementor-element-3a70d84 elementor-widget elementor-widget-text-editor\" data-id=\"3a70d84\" data-element_type=\"widget\" data-e-type=\"widget\" data-widget_type=\"text-editor.default\">\n\t\t\t\t\t\t\t\t\t<p>The 2 first years in Polytech Nancy prepare students for the Engineering Cycle, by giving them a multidisciplinary scientific approach accompanied with specific courses adapted for engineers.<\/p>\t\t\t\t\t\t\t\t<\/div>\n\t\t\t\t<div class=\"elementor-element elementor-element-7725690 poly-subnav-card-more-icon elementor-view-default elementor-widget elementor-widget-icon\" data-id=\"7725690\" data-element_type=\"widget\" data-e-type=\"widget\" data-widget_type=\"icon.default\">\n\t\t\t\t\t\t\t<div class=\"elementor-icon-wrapper\">\n\t\t\t<div class=\"elementor-icon\">\n\t\t\t<svg aria-hidden=\"true\" class=\"e-font-icon-svg e-fas-arrow-circle-right\" viewBox=\"0 0 512 512\" xmlns=\"http:\/\/www.w3.org\/2000\/svg\"><path d=\"M256 8c137 0 248 111 248 248S393 504 256 504 8 393 8 256 119 8 256 8zm-28.9 143.6l75.5 72.4H120c-13.3 0-24 10.7-24 24v16c0 13.3 10.7 24 24 24h182.6l-75.5 72.4c-9.7 9.3-9.9 24.8-.4 34.3l11 10.9c9.4 9.4 24.6 9.4 33.9 0L404.3 273c9.4-9.4 9.4-24.6 0-33.9L271.6 106.3c-9.4-9.4-24.6-9.4-33.9 0l-11 10.9c-9.5 9.6-9.3 25.1.4 34.4z\"><\/path><\/svg>\t\t\t<\/div>\n\t\t<\/div>\n\t\t\t\t\t\t<\/div>\n\t\t\t\t\t<\/div>\n\t\t\t\t<\/div>\n\t\t\t\t<\/a>\n\t\t<a class=\"elementor-element elementor-element-badb2a2 e-con-full poly-subnav-card e-flex e-con e-child\" data-id=\"badb2a2\" data-element_type=\"container\" data-e-type=\"container\" data-settings=\"{&quot;background_background&quot;:&quot;classic&quot;}\" href=\"https:\/\/polytech-nancy.univ-lorraine.fr\/en\/education\/engineering-programmes\/\">\n\t\t\t\t<div class=\"elementor-element elementor-element-d2f29dd poly-ratio poly-ratio-16-9 elementor-widget elementor-widget-image\" data-id=\"d2f29dd\" data-element_type=\"widget\" data-e-type=\"widget\" data-widget_type=\"image.default\">\n\t\t\t\t\t\t\t\t\t\t\t\t\t\t\t<img decoding=\"async\" width=\"800\" height=\"576\" src=\"https:\/\/polytech-nancy.univ-lorraine.fr\/wp-content\/uploads\/etudiants-05-2000x1439.jpg\" class=\"attachment-large size-large wp-image-5091\" alt=\"\u00c9tudiants\" srcset=\"https:\/\/polytech-nancy.univ-lorraine.fr\/wp-content\/uploads\/etudiants-05-2000x1439.jpg 2000w, https:\/\/polytech-nancy.univ-lorraine.fr\/wp-content\/uploads\/etudiants-05-600x432.jpg 600w, https:\/\/polytech-nancy.univ-lorraine.fr\/wp-content\/uploads\/etudiants-05-768x553.jpg 768w, https:\/\/polytech-nancy.univ-lorraine.fr\/wp-content\/uploads\/etudiants-05-1536x1106.jpg 1536w, https:\/\/polytech-nancy.univ-lorraine.fr\/wp-content\/uploads\/etudiants-05-2048x1474.jpg 2048w\" sizes=\"(max-width: 800px) 100vw, 800px\" \/>\t\t\t\t\t\t\t\t\t\t\t\t\t\t\t<\/div>\n\t\t<div class=\"elementor-element elementor-element-2dc9cc5 poly-subnav-card-text e-flex e-con-boxed e-con e-child\" data-id=\"2dc9cc5\" data-element_type=\"container\" data-e-type=\"container\">\n\t\t\t\t\t<div class=\"e-con-inner\">\n\t\t\t\t<div class=\"elementor-element elementor-element-83e640f elementor-widget elementor-widget-heading\" data-id=\"83e640f\" data-element_type=\"widget\" data-e-type=\"widget\" data-widget_type=\"heading.default\">\n\t\t\t\t\t<h3 class=\"elementor-heading-title elementor-size-default\">Engineering programmes<\/h3>\t\t\t\t<\/div>\n\t\t\t\t<div class=\"elementor-element elementor-element-2e6aaca elementor-widget elementor-widget-text-editor\" data-id=\"2e6aaca\" data-element_type=\"widget\" data-e-type=\"widget\" data-widget_type=\"text-editor.default\">\n\t\t\t\t\t\t\t\t\t<p>Polytech Nancy offers 3 engineering programmes.<\/p>\t\t\t\t\t\t\t\t<\/div>\n\t\t\t\t<div class=\"elementor-element elementor-element-12b7b42 poly-subnav-card-more-icon elementor-view-default elementor-widget elementor-widget-icon\" data-id=\"12b7b42\" data-element_type=\"widget\" data-e-type=\"widget\" data-widget_type=\"icon.default\">\n\t\t\t\t\t\t\t<div class=\"elementor-icon-wrapper\">\n\t\t\t<div class=\"elementor-icon\">\n\t\t\t<svg aria-hidden=\"true\" class=\"e-font-icon-svg e-fas-arrow-circle-right\" viewBox=\"0 0 512 512\" xmlns=\"http:\/\/www.w3.org\/2000\/svg\"><path d=\"M256 8c137 0 248 111 248 248S393 504 256 504 8 393 8 256 119 8 256 8zm-28.9 143.6l75.5 72.4H120c-13.3 0-24 10.7-24 24v16c0 13.3 10.7 24 24 24h182.6l-75.5 72.4c-9.7 9.3-9.9 24.8-.4 34.3l11 10.9c9.4 9.4 24.6 9.4 33.9 0L404.3 273c9.4-9.4 9.4-24.6 0-33.9L271.6 106.3c-9.4-9.4-24.6-9.4-33.9 0l-11 10.9c-9.5 9.6-9.3 25.1.4 34.4z\"><\/path><\/svg>\t\t\t<\/div>\n\t\t<\/div>\n\t\t\t\t\t\t<\/div>\n\t\t\t\t\t<\/div>\n\t\t\t\t<\/div>\n\t\t\t\t<\/a>\n\t\t\t\t\t<\/div>\n\t\t\t\t<\/div>\n\t\t\t\t\t<\/div>\n\t\t\t\t<\/div>\n\t\t<div class=\"elementor-element elementor-element-7297d52 e-flex e-con-boxed e-con e-parent\" data-id=\"7297d52\" data-element_type=\"container\" data-e-type=\"container\" data-settings=\"{&quot;background_background&quot;:&quot;classic&quot;}\">\n\t\t\t\t\t<div class=\"e-con-inner\">\n\t\t<div class=\"elementor-element elementor-element-decb6b3 e-con-full e-flex e-con e-child\" data-id=\"decb6b3\" data-element_type=\"container\" data-e-type=\"container\">\n\t\t<div class=\"elementor-element elementor-element-e7bde83 e-flex e-con-boxed e-con e-child\" data-id=\"e7bde83\" data-element_type=\"container\" data-e-type=\"container\">\n\t\t\t\t\t<div class=\"e-con-inner\">\n\t\t\t\t<div class=\"elementor-element elementor-element-dd1685c poly-mb0 elementor-widget elementor-widget-heading\" data-id=\"dd1685c\" data-element_type=\"widget\" data-e-type=\"widget\" data-widget_type=\"heading.default\">\n\t\t\t\t\t<p class=\"elementor-heading-title elementor-size-default\">900<\/p>\t\t\t\t<\/div>\n\t\t\t\t<div class=\"elementor-element elementor-element-989f050 poly-mb0 elementor-widget elementor-widget-heading\" data-id=\"989f050\" data-element_type=\"widget\" data-e-type=\"widget\" data-widget_type=\"heading.default\">\n\t\t\t\t\t<p class=\"elementor-heading-title elementor-size-default\">engineering students<\/p>\t\t\t\t<\/div>\n\t\t\t\t\t<\/div>\n\t\t\t\t<\/div>\n\t\t<div class=\"elementor-element elementor-element-7ccafaa e-flex e-con-boxed e-con e-child\" data-id=\"7ccafaa\" data-element_type=\"container\" data-e-type=\"container\">\n\t\t\t\t\t<div class=\"e-con-inner\">\n\t\t\t\t<div class=\"elementor-element elementor-element-4633191 poly-mb0 elementor-widget elementor-widget-heading\" data-id=\"4633191\" data-element_type=\"widget\" data-e-type=\"widget\" data-widget_type=\"heading.default\">\n\t\t\t\t\t<p class=\"elementor-heading-title elementor-size-default\">80<\/p>\t\t\t\t<\/div>\n\t\t\t\t<div class=\"elementor-element elementor-element-d759de2 poly-mb0 elementor-widget elementor-widget-heading\" data-id=\"d759de2\" data-element_type=\"widget\" data-e-type=\"widget\" data-widget_type=\"heading.default\">\n\t\t\t\t\t<p class=\"elementor-heading-title elementor-size-default\">teachers and teacher-researchers<\/p>\t\t\t\t<\/div>\n\t\t\t\t\t<\/div>\n\t\t\t\t<\/div>\n\t\t<div class=\"elementor-element elementor-element-4fbdb42 e-flex e-con-boxed e-con e-child\" data-id=\"4fbdb42\" data-element_type=\"container\" data-e-type=\"container\">\n\t\t\t\t\t<div class=\"e-con-inner\">\n\t\t\t\t<div class=\"elementor-element elementor-element-90149ba poly-mb0 elementor-widget elementor-widget-heading\" data-id=\"90149ba\" data-element_type=\"widget\" data-e-type=\"widget\" data-widget_type=\"heading.default\">\n\t\t\t\t\t<p class=\"elementor-heading-title elementor-size-default\">5900 <\/p>\t\t\t\t<\/div>\n\t\t\t\t<div class=\"elementor-element elementor-element-51ed9ee poly-mb0 elementor-widget elementor-widget-heading\" data-id=\"51ed9ee\" data-element_type=\"widget\" data-e-type=\"widget\" data-widget_type=\"heading.default\">\n\t\t\t\t\t<p class=\"elementor-heading-title elementor-size-default\">engineering graduates<\/p>\t\t\t\t<\/div>\n\t\t\t\t\t<\/div>\n\t\t\t\t<\/div>\n\t\t\t\t<\/div>\n\t\t<div class=\"elementor-element elementor-element-c9553d7 e-con-full e-flex e-con e-child\" data-id=\"c9553d7\" data-element_type=\"container\" data-e-type=\"container\">\n\t\t<div class=\"elementor-element elementor-element-9b15e63 e-flex e-con-boxed e-con e-child\" data-id=\"9b15e63\" data-element_type=\"container\" data-e-type=\"container\">\n\t\t\t\t\t<div class=\"e-con-inner\">\n\t\t\t\t<div class=\"elementor-element elementor-element-8ea7bdd poly-mb0 elementor-widget elementor-widget-heading\" data-id=\"8ea7bdd\" data-element_type=\"widget\" data-e-type=\"widget\" data-widget_type=\"heading.default\">\n\t\t\t\t\t<p class=\"elementor-heading-title elementor-size-default\">11<\/p>\t\t\t\t<\/div>\n\t\t\t\t<div class=\"elementor-element elementor-element-09e8595 poly-mb0 elementor-widget elementor-widget-heading\" data-id=\"09e8595\" data-element_type=\"widget\" data-e-type=\"widget\" data-widget_type=\"heading.default\">\n\t\t\t\t\t<p class=\"elementor-heading-title elementor-size-default\">research laboratories<\/p>\t\t\t\t<\/div>\n\t\t\t\t\t<\/div>\n\t\t\t\t<\/div>\n\t\t<div class=\"elementor-element elementor-element-714e179 e-flex e-con-boxed e-con e-child\" data-id=\"714e179\" data-element_type=\"container\" data-e-type=\"container\">\n\t\t\t\t\t<div class=\"e-con-inner\">\n\t\t\t\t<div class=\"elementor-element elementor-element-9b81d5d poly-mb0 elementor-widget elementor-widget-heading\" data-id=\"9b81d5d\" data-element_type=\"widget\" data-e-type=\"widget\" data-widget_type=\"heading.default\">\n\t\t\t\t\t<p class=\"elementor-heading-title elementor-size-default\">300<\/p>\t\t\t\t<\/div>\n\t\t\t\t<div class=\"elementor-element elementor-element-f5a3d2b poly-mb0 elementor-widget elementor-widget-heading\" data-id=\"f5a3d2b\" data-element_type=\"widget\" data-e-type=\"widget\" data-widget_type=\"heading.default\">\n\t\t\t\t\t<p class=\"elementor-heading-title elementor-size-default\">partner companies<\/p>\t\t\t\t<\/div>\n\t\t\t\t\t<\/div>\n\t\t\t\t<\/div>\n\t\t\t\t<\/div>\n\t\t\t\t\t<\/div>\n\t\t\t\t<\/div>\n\t\t\t\t<\/div>\n\t\t","protected":false},"excerpt":{"rendered":"<p>Apply to Polytech Nancy Preparatory Cycle The 2 first years in Polytech Nancy prepare students for the Engineering Cycle, by giving them a multidisciplinary scientific approach accompanied with specific courses adapted for engineers. Engineering programmes Polytech Nancy offers 3 engineering programmes. 900 engineering students 80 teachers and teacher-researchers 5900 engineering graduates 11 research laboratories 300 [&hellip;]<\/p>\n","protected":false},"author":1,"featured_media":0,"parent":0,"menu_order":0,"comment_status":"closed","ping_status":"closed","template":"","meta":{"inline_featured_image":false,"footnotes":""},"class_list":["post-5814","page","type-page","status-publish","hentry"],"yoast_head":"<!-- This site is optimized with the Yoast SEO plugin v27.5 - https:\/\/yoast.com\/product\/yoast-seo-wordpress\/ -->\n<title>Polytech Nancy - Polytech Nancy<\/title>\n<meta name=\"robots\" content=\"index, follow, max-snippet:-1, max-image-preview:large, max-video-preview:-1\" \/>\n<link rel=\"canonical\" href=\"https:\/\/polytech-nancy.univ-lorraine.fr\/en\/\" \/>\n<meta property=\"og:locale\" content=\"en_US\" \/>\n<meta property=\"og:type\" content=\"article\" \/>\n<meta property=\"og:title\" content=\"Polytech Nancy - Polytech Nancy\" \/>\n<meta property=\"og:description\" content=\"Apply to Polytech Nancy Preparatory Cycle The 2 first years in Polytech Nancy prepare students for the Engineering Cycle, by giving them a multidisciplinary scientific approach accompanied with specific courses adapted for engineers. Engineering programmes Polytech Nancy offers 3 engineering programmes. 900 engineering students 80 teachers and teacher-researchers 5900 engineering graduates 11 research laboratories 300 [&hellip;]\" \/>\n<meta property=\"og:url\" content=\"https:\/\/polytech-nancy.univ-lorraine.fr\/en\/\" \/>\n<meta property=\"og:site_name\" content=\"Polytech Nancy\" \/>\n<meta property=\"article:publisher\" content=\"https:\/\/www.facebook.com\/PolytechNancy\/\" \/>\n<meta property=\"article:modified_time\" content=\"2024-05-24T06:59:35+00:00\" \/>\n<meta property=\"og:image\" content=\"https:\/\/polytech-nancy.univ-lorraine.fr\/wp-content\/uploads\/cycle-preparatoire.jpg\" \/>\n<meta name=\"twitter:card\" content=\"summary_large_image\" \/>\n<meta name=\"twitter:site\" content=\"@PolytechNancy\" \/>\n<meta name=\"twitter:label1\" content=\"Est. reading time\" \/>\n\t<meta name=\"twitter:data1\" content=\"1 minute\" \/>\n<script type=\"application\/ld+json\" class=\"yoast-schema-graph\">{\"@context\":\"https:\\\/\\\/schema.org\",\"@graph\":[{\"@type\":\"WebPage\",\"@id\":\"https:\\\/\\\/polytech-nancy.univ-lorraine.fr\\\/en\\\/\",\"url\":\"https:\\\/\\\/polytech-nancy.univ-lorraine.fr\\\/en\\\/\",\"name\":\"Polytech Nancy - Polytech Nancy\",\"isPartOf\":{\"@id\":\"https:\\\/\\\/polytech-nancy.univ-lorraine.fr\\\/en\\\/#website\"},\"primaryImageOfPage\":{\"@id\":\"https:\\\/\\\/polytech-nancy.univ-lorraine.fr\\\/en\\\/#primaryimage\"},\"image\":{\"@id\":\"https:\\\/\\\/polytech-nancy.univ-lorraine.fr\\\/en\\\/#primaryimage\"},\"thumbnailUrl\":\"https:\\\/\\\/polytech-nancy.univ-lorraine.fr\\\/wp-content\\\/uploads\\\/cycle-preparatoire.jpg\",\"datePublished\":\"2023-06-15T11:27:17+00:00\",\"dateModified\":\"2024-05-24T06:59:35+00:00\",\"breadcrumb\":{\"@id\":\"https:\\\/\\\/polytech-nancy.univ-lorraine.fr\\\/en\\\/#breadcrumb\"},\"inLanguage\":\"en-US\",\"potentialAction\":[{\"@type\":\"ReadAction\",\"target\":[\"https:\\\/\\\/polytech-nancy.univ-lorraine.fr\\\/en\\\/\"]}]},{\"@type\":\"ImageObject\",\"inLanguage\":\"en-US\",\"@id\":\"https:\\\/\\\/polytech-nancy.univ-lorraine.fr\\\/en\\\/#primaryimage\",\"url\":\"https:\\\/\\\/polytech-nancy.univ-lorraine.fr\\\/wp-content\\\/uploads\\\/cycle-preparatoire.jpg\",\"contentUrl\":\"https:\\\/\\\/polytech-nancy.univ-lorraine.fr\\\/wp-content\\\/uploads\\\/cycle-preparatoire.jpg\"},{\"@type\":\"BreadcrumbList\",\"@id\":\"https:\\\/\\\/polytech-nancy.univ-lorraine.fr\\\/en\\\/#breadcrumb\",\"itemListElement\":[{\"@type\":\"ListItem\",\"position\":1,\"name\":\"Home\",\"item\":\"https:\\\/\\\/polytech-nancy.univ-lorraine.fr\\\/en\\\/\"},{\"@type\":\"ListItem\",\"position\":2,\"name\":\"Polytech Nancy\"}]},{\"@type\":\"WebSite\",\"@id\":\"https:\\\/\\\/polytech-nancy.univ-lorraine.fr\\\/en\\\/#website\",\"url\":\"https:\\\/\\\/polytech-nancy.univ-lorraine.fr\\\/en\\\/\",\"name\":\"Polytech Nancy\",\"description\":\"\u00c9cole d&#039;ing\u00e9nieurs publique de l&#039;Universit\u00e9 de Lorraine\",\"publisher\":{\"@id\":\"https:\\\/\\\/polytech-nancy.univ-lorraine.fr\\\/en\\\/#organization\"},\"potentialAction\":[{\"@type\":\"SearchAction\",\"target\":{\"@type\":\"EntryPoint\",\"urlTemplate\":\"https:\\\/\\\/polytech-nancy.univ-lorraine.fr\\\/en\\\/?s={search_term_string}\"},\"query-input\":{\"@type\":\"PropertyValueSpecification\",\"valueRequired\":true,\"valueName\":\"search_term_string\"}}],\"inLanguage\":\"en-US\"},{\"@type\":\"Organization\",\"@id\":\"https:\\\/\\\/polytech-nancy.univ-lorraine.fr\\\/en\\\/#organization\",\"name\":\"Polytech Nancy\",\"url\":\"https:\\\/\\\/polytech-nancy.univ-lorraine.fr\\\/en\\\/\",\"logo\":{\"@type\":\"ImageObject\",\"inLanguage\":\"en-US\",\"@id\":\"https:\\\/\\\/polytech-nancy.univ-lorraine.fr\\\/en\\\/#\\\/schema\\\/logo\\\/image\\\/\",\"url\":\"https:\\\/\\\/polytech-nancy.univ-lorraine.fr\\\/wp-content\\\/uploads\\\/logo-polytech-nancy.svg\",\"contentUrl\":\"https:\\\/\\\/polytech-nancy.univ-lorraine.fr\\\/wp-content\\\/uploads\\\/logo-polytech-nancy.svg\",\"width\":257,\"height\":80,\"caption\":\"Polytech Nancy\"},\"image\":{\"@id\":\"https:\\\/\\\/polytech-nancy.univ-lorraine.fr\\\/en\\\/#\\\/schema\\\/logo\\\/image\\\/\"},\"sameAs\":[\"https:\\\/\\\/www.facebook.com\\\/PolytechNancy\\\/\",\"https:\\\/\\\/x.com\\\/PolytechNancy\",\"https:\\\/\\\/www.instagram.com\\\/polytechnancy\\\/\",\"https:\\\/\\\/www.youtube.com\\\/channel\\\/UCVa-BOR2klK-ljxGcT3lpOw\"]}]}<\/script>\n<!-- \/ Yoast SEO plugin. -->","yoast_head_json":{"title":"Polytech Nancy - Polytech Nancy","robots":{"index":"index","follow":"follow","max-snippet":"max-snippet:-1","max-image-preview":"max-image-preview:large","max-video-preview":"max-video-preview:-1"},"canonical":"https:\/\/polytech-nancy.univ-lorraine.fr\/en\/","og_locale":"en_US","og_type":"article","og_title":"Polytech Nancy - Polytech Nancy","og_description":"Apply to Polytech Nancy Preparatory Cycle The 2 first years in Polytech Nancy prepare students for the Engineering Cycle, by giving them a multidisciplinary scientific approach accompanied with specific courses adapted for engineers. Engineering programmes Polytech Nancy offers 3 engineering programmes. 900 engineering students 80 teachers and teacher-researchers 5900 engineering graduates 11 research laboratories 300 [&hellip;]","og_url":"https:\/\/polytech-nancy.univ-lorraine.fr\/en\/","og_site_name":"Polytech Nancy","article_publisher":"https:\/\/www.facebook.com\/PolytechNancy\/","article_modified_time":"2024-05-24T06:59:35+00:00","og_image":[{"url":"https:\/\/polytech-nancy.univ-lorraine.fr\/wp-content\/uploads\/cycle-preparatoire.jpg","type":"","width":"","height":""}],"twitter_card":"summary_large_image","twitter_site":"@PolytechNancy","twitter_misc":{"Est. reading time":"1 minute"},"schema":{"@context":"https:\/\/schema.org","@graph":[{"@type":"WebPage","@id":"https:\/\/polytech-nancy.univ-lorraine.fr\/en\/","url":"https:\/\/polytech-nancy.univ-lorraine.fr\/en\/","name":"Polytech Nancy - Polytech Nancy","isPartOf":{"@id":"https:\/\/polytech-nancy.univ-lorraine.fr\/en\/#website"},"primaryImageOfPage":{"@id":"https:\/\/polytech-nancy.univ-lorraine.fr\/en\/#primaryimage"},"image":{"@id":"https:\/\/polytech-nancy.univ-lorraine.fr\/en\/#primaryimage"},"thumbnailUrl":"https:\/\/polytech-nancy.univ-lorraine.fr\/wp-content\/uploads\/cycle-preparatoire.jpg","datePublished":"2023-06-15T11:27:17+00:00","dateModified":"2024-05-24T06:59:35+00:00","breadcrumb":{"@id":"https:\/\/polytech-nancy.univ-lorraine.fr\/en\/#breadcrumb"},"inLanguage":"en-US","potentialAction":[{"@type":"ReadAction","target":["https:\/\/polytech-nancy.univ-lorraine.fr\/en\/"]}]},{"@type":"ImageObject","inLanguage":"en-US","@id":"https:\/\/polytech-nancy.univ-lorraine.fr\/en\/#primaryimage","url":"https:\/\/polytech-nancy.univ-lorraine.fr\/wp-content\/uploads\/cycle-preparatoire.jpg","contentUrl":"https:\/\/polytech-nancy.univ-lorraine.fr\/wp-content\/uploads\/cycle-preparatoire.jpg"},{"@type":"BreadcrumbList","@id":"https:\/\/polytech-nancy.univ-lorraine.fr\/en\/#breadcrumb","itemListElement":[{"@type":"ListItem","position":1,"name":"Home","item":"https:\/\/polytech-nancy.univ-lorraine.fr\/en\/"},{"@type":"ListItem","position":2,"name":"Polytech Nancy"}]},{"@type":"WebSite","@id":"https:\/\/polytech-nancy.univ-lorraine.fr\/en\/#website","url":"https:\/\/polytech-nancy.univ-lorraine.fr\/en\/","name":"Polytech Nancy","description":"\u00c9cole d&#039;ing\u00e9nieurs publique de l&#039;Universit\u00e9 de Lorraine","publisher":{"@id":"https:\/\/polytech-nancy.univ-lorraine.fr\/en\/#organization"},"potentialAction":[{"@type":"SearchAction","target":{"@type":"EntryPoint","urlTemplate":"https:\/\/polytech-nancy.univ-lorraine.fr\/en\/?s={search_term_string}"},"query-input":{"@type":"PropertyValueSpecification","valueRequired":true,"valueName":"search_term_string"}}],"inLanguage":"en-US"},{"@type":"Organization","@id":"https:\/\/polytech-nancy.univ-lorraine.fr\/en\/#organization","name":"Polytech Nancy","url":"https:\/\/polytech-nancy.univ-lorraine.fr\/en\/","logo":{"@type":"ImageObject","inLanguage":"en-US","@id":"https:\/\/polytech-nancy.univ-lorraine.fr\/en\/#\/schema\/logo\/image\/","url":"https:\/\/polytech-nancy.univ-lorraine.fr\/wp-content\/uploads\/logo-polytech-nancy.svg","contentUrl":"https:\/\/polytech-nancy.univ-lorraine.fr\/wp-content\/uploads\/logo-polytech-nancy.svg","width":257,"height":80,"caption":"Polytech Nancy"},"image":{"@id":"https:\/\/polytech-nancy.univ-lorraine.fr\/en\/#\/schema\/logo\/image\/"},"sameAs":["https:\/\/www.facebook.com\/PolytechNancy\/","https:\/\/x.com\/PolytechNancy","https:\/\/www.instagram.com\/polytechnancy\/","https:\/\/www.youtube.com\/channel\/UCVa-BOR2klK-ljxGcT3lpOw"]}]}},"_links":{"self":[{"href":"https:\/\/polytech-nancy.univ-lorraine.fr\/en\/wp-json\/wp\/v2\/pages\/5814","targetHints":{"allow":["GET"]}}],"collection":[{"href":"https:\/\/polytech-nancy.univ-lorraine.fr\/en\/wp-json\/wp\/v2\/pages"}],"about":[{"href":"https:\/\/polytech-nancy.univ-lorraine.fr\/en\/wp-json\/wp\/v2\/types\/page"}],"author":[{"embeddable":true,"href":"https:\/\/polytech-nancy.univ-lorraine.fr\/en\/wp-json\/wp\/v2\/users\/1"}],"replies":[{"embeddable":true,"href":"https:\/\/polytech-nancy.univ-lorraine.fr\/en\/wp-json\/wp\/v2\/comments?post=5814"}],"version-history":[{"count":19,"href":"https:\/\/polytech-nancy.univ-lorraine.fr\/en\/wp-json\/wp\/v2\/pages\/5814\/revisions"}],"predecessor-version":[{"id":11567,"href":"https:\/\/polytech-nancy.univ-lorraine.fr\/en\/wp-json\/wp\/v2\/pages\/5814\/revisions\/11567"}],"wp:attachment":[{"href":"https:\/\/polytech-nancy.univ-lorraine.fr\/en\/wp-json\/wp\/v2\/media?parent=5814"}],"curies":[{"name":"wp","href":"https:\/\/api.w.org\/{rel}","templated":true}]}}