{"id":9377,"date":"2023-06-06T10:21:26","date_gmt":"2023-06-06T08:21:26","guid":{"rendered":"https:\/\/polytech-nancy.univ-lorraine.fr\/legal-notice\/"},"modified":"2023-11-06T16:13:44","modified_gmt":"2023-11-06T15:13:44","slug":"legal-notice","status":"publish","type":"page","link":"https:\/\/polytech-nancy.univ-lorraine.fr\/en\/legal-notice\/","title":{"rendered":"Legal notice"},"content":{"rendered":"\t\t<div data-elementor-type=\"wp-page\" data-elementor-id=\"9377\" class=\"elementor elementor-9377 elementor-3\" data-elementor-post-type=\"page\">\n\t\t\t\t<div class=\"elementor-element elementor-element-7f3e1f95 e-con-full e-flex e-con e-parent\" data-id=\"7f3e1f95\" data-element_type=\"container\" data-e-type=\"container\" data-settings=\"{&quot;background_background&quot;:&quot;classic&quot;}\">\n\t\t\t\t<div class=\"elementor-element elementor-element-5468a729 elementor-widget elementor-widget-heading\" data-id=\"5468a729\" data-element_type=\"widget\" data-e-type=\"widget\" data-widget_type=\"heading.default\">\n\t\t\t\t\t<h1 class=\"elementor-heading-title elementor-size-default\">Legal notice<\/h1>\t\t\t\t<\/div>\n\t\t\t\t<\/div>\n\t\t<div class=\"elementor-element elementor-element-6e0b1c03 e-flex e-con-boxed e-con e-parent\" data-id=\"6e0b1c03\" data-element_type=\"container\" data-e-type=\"container\">\n\t\t\t\t\t<div class=\"e-con-inner\">\n\t\t\t\t<div class=\"elementor-element elementor-element-7be28416 elementor-widget elementor-widget-breadcrumbs\" data-id=\"7be28416\" data-element_type=\"widget\" data-e-type=\"widget\" data-widget_type=\"breadcrumbs.default\">\n\t\t\t\t\t<p id=\"breadcrumbs\"><span><span><a href=\"https:\/\/polytech-nancy.univ-lorraine.fr\/en\/\">Home<\/a><\/span><\/span><\/p>\t\t\t\t<\/div>\n\t\t<div class=\"elementor-element elementor-element-541d2be7 e-flex e-con-boxed e-con e-child\" data-id=\"541d2be7\" data-element_type=\"container\" data-e-type=\"container\">\n\t\t\t\t\t<div class=\"e-con-inner\">\n\t\t<div class=\"elementor-element elementor-element-4c6b4eb1 e-con-full e-flex e-con e-child\" data-id=\"4c6b4eb1\" data-element_type=\"container\" data-e-type=\"container\">\n\t\t<div class=\"elementor-element elementor-element-b104e33 e-flex e-con-boxed e-con e-child\" data-id=\"b104e33\" data-element_type=\"container\" data-e-type=\"container\">\n\t\t\t\t\t<div class=\"e-con-inner\">\n\t\t\t\t<div class=\"elementor-element elementor-element-48c8cab2 elementor-widget elementor-widget-text-editor\" data-id=\"48c8cab2\" data-element_type=\"widget\" data-e-type=\"widget\" data-widget_type=\"text-editor.default\">\n\t\t\t\t\t\t\t\t\t<h4>Polytech Nancy<\/h4><p>Polytechnic School of the University of Lorraine<br \/>2 rue Jean Lamour<br \/>F-54500 Vand\u0153uvre l\u00e8s Nancy<br \/>Tel. : +33 (0)3 72 74 69 00<\/p><h4>Publishing director<\/h4><p>\u00c9ric GNAEDINGER<\/p><h4>Design and development<\/h4><p><a href=\"https:\/\/www.staminic.com\" target=\"_blank\" rel=\"noopener\">Staminic<\/a><\/p><h4>Hosting<\/h4><p><a href=\"https:\/\/www.numerique.univ-lorraine.fr\" target=\"_blank\" rel=\"noopener\">Digital Services Department &#8211; Universit\u00e9 de Lorraine<\/a><\/p><h4>Editorial team<\/h4><p>Communication department Polytech Nancy :<br \/><a href=\"mailto:polytech-nancy-communication@univ-lorraine.fr\">polytech-nancy-communication@univ-lorraine.fr<\/a><\/p><h4>Visual identity, photo credits<\/h4><p>Polytech Nancy, Club Multim\u00e9dia Polytech Nancy, Agence Photo Up, City of Nancy<\/p><h4>Data processing<\/h4><p>The personal data collected on the site results from the voluntary communication of this information, which is collected by means of the various forms. This information is intended for Polytech Nancy. Under no circumstances will they be passed on to third parties.<\/p><p>In accordance with the General Data Protection Regulations 2016 (RGPD) and the Data Protection Act 1978 as amended, you can access your data, rectify it, request its deletion or exercise your right to limit the processing of your data.<\/p><h4>Copyright<\/h4><p>This entire website is subject to French and international legislation on copyright and intellectual property. All reproduction rights are reserved, including iconographic and photographic documents.<\/p><p>Any total or partial representation of this site by any means whatsoever without the express authorisation of Polytech Nancy is prohibited and constitutes an infringement punishable under the Intellectual Property Code.<\/p><h4>Legal provisions<\/h4><p>The various elements of the website (form, layout, structure, images and illustrations, etc.) are protected by design rights, copyright, trademark rights and image rights. They may not be copied or imitated in whole or in part without the express permission of the publication director. Any person who fails to comply with the applicable legal provisions is guilty of the offence of counterfeiting and is liable to the criminal penalties provided for by law.<\/p><p>Please note that :<\/p><ul><li>The secrecy of correspondence transmitted over the Internet is not guaranteed<\/li><li>E-mails are kept on computer or paper for as long as it takes for Polytech Nancy to provide a response or process your requests.<\/li><\/ul><h4>Cookies<\/h4><p>When you visit this site, a cookie may be automatically installed on your browser. A cookie is a block of data that does not allow users to be identified, but is used to record information about their browsing on the site. You can set your browser to notify you when you receive a cookie and refuse it if you wish.<\/p><h4><img decoding=\"async\" title=\"reCAPTCHA protects your website from fraud and abuse without creating friction.\" src=\"https:\/\/www.google.com\/recaptcha\/about\/images\/reCAPTCHA-logo@2x.png\" alt=\"reCAPTCHA protects your website from fraud and abuse without creating friction.\" width=\"70\" height=\"79\" \/><br \/>Google reCaptcha<\/h4><p>The site is protected against spam by <a href=\"https:\/\/www.google.com\/recaptcha\/about\/\" target=\"_blank\" rel=\"noopener\">Google reCaptcha<\/a>. Read <a href=\"https:\/\/policies.google.com\/privacy?hl=fr\" target=\"_blank\" rel=\"noopener\">Google&#8217;s privacy policy<\/a> and <a href=\"https:\/\/policies.google.com\/terms?hl=fr\" target=\"_blank\" rel=\"noopener\">terms of use<\/a>.<\/p>\t\t\t\t\t\t\t\t<\/div>\n\t\t\t\t\t<\/div>\n\t\t\t\t<\/div>\n\t\t\t\t<\/div>\n\t\t\t\t\t<\/div>\n\t\t\t\t<\/div>\n\t\t\t\t\t<\/div>\n\t\t\t\t<\/div>\n\t\t\t\t<\/div>\n\t\t","protected":false},"excerpt":{"rendered":"<p>Legal notice Polytech Nancy Polytechnic School of the University of Lorraine2 rue Jean LamourF-54500 Vand\u0153uvre l\u00e8s NancyTel. : +33 (0)3 72 74 69 00 Publishing director \u00c9ric GNAEDINGER Design and development Staminic Hosting Digital Services Department &#8211; Universit\u00e9 de Lorraine Editorial team Communication department Polytech Nancy :polytech-nancy-communication@univ-lorraine.fr Visual identity, photo credits Polytech Nancy, Club Multim\u00e9dia [&hellip;]<\/p>\n","protected":false},"author":1,"featured_media":0,"parent":0,"menu_order":0,"comment_status":"closed","ping_status":"open","template":"","meta":{"inline_featured_image":false,"footnotes":""},"class_list":["post-9377","page","type-page","status-publish","hentry"],"yoast_head":"<!-- This site is optimized with the Yoast SEO plugin v27.4 - https:\/\/yoast.com\/product\/yoast-seo-wordpress\/ -->\n<title>Legal notice - Polytech Nancy<\/title>\n<meta name=\"robots\" content=\"index, follow, max-snippet:-1, max-image-preview:large, max-video-preview:-1\" \/>\n<link rel=\"canonical\" href=\"https:\/\/polytech-nancy.univ-lorraine.fr\/en\/legal-notice\/\" \/>\n<meta property=\"og:locale\" content=\"en_US\" \/>\n<meta property=\"og:type\" content=\"article\" \/>\n<meta property=\"og:title\" content=\"Legal notice - Polytech Nancy\" \/>\n<meta property=\"og:description\" content=\"Legal notice Polytech Nancy Polytechnic School of the University of Lorraine2 rue Jean LamourF-54500 Vand\u0153uvre l\u00e8s NancyTel. : +33 (0)3 72 74 69 00 Publishing director \u00c9ric GNAEDINGER Design and development Staminic Hosting Digital Services Department &#8211; Universit\u00e9 de Lorraine Editorial team Communication department Polytech Nancy :polytech-nancy-communication@univ-lorraine.fr Visual identity, photo credits Polytech Nancy, Club Multim\u00e9dia [&hellip;]\" \/>\n<meta property=\"og:url\" content=\"https:\/\/polytech-nancy.univ-lorraine.fr\/en\/legal-notice\/\" \/>\n<meta property=\"og:site_name\" content=\"Polytech Nancy\" \/>\n<meta property=\"article:publisher\" content=\"https:\/\/www.facebook.com\/PolytechNancy\/\" \/>\n<meta property=\"article:modified_time\" content=\"2023-11-06T15:13:44+00:00\" \/>\n<meta property=\"og:image\" content=\"https:\/\/www.google.com\/recaptcha\/about\/images\/reCAPTCHA-logo@2x.png\" \/>\n<meta name=\"twitter:card\" content=\"summary_large_image\" \/>\n<meta name=\"twitter:site\" content=\"@PolytechNancy\" \/>\n<meta name=\"twitter:label1\" content=\"Est. reading time\" \/>\n\t<meta name=\"twitter:data1\" content=\"2 minutes\" \/>\n<script type=\"application\/ld+json\" class=\"yoast-schema-graph\">{\"@context\":\"https:\\\/\\\/schema.org\",\"@graph\":[{\"@type\":\"WebPage\",\"@id\":\"https:\\\/\\\/polytech-nancy.univ-lorraine.fr\\\/en\\\/legal-notice\\\/\",\"url\":\"https:\\\/\\\/polytech-nancy.univ-lorraine.fr\\\/en\\\/legal-notice\\\/\",\"name\":\"Legal notice - Polytech Nancy\",\"isPartOf\":{\"@id\":\"https:\\\/\\\/polytech-nancy.univ-lorraine.fr\\\/en\\\/#website\"},\"primaryImageOfPage\":{\"@id\":\"https:\\\/\\\/polytech-nancy.univ-lorraine.fr\\\/en\\\/legal-notice\\\/#primaryimage\"},\"image\":{\"@id\":\"https:\\\/\\\/polytech-nancy.univ-lorraine.fr\\\/en\\\/legal-notice\\\/#primaryimage\"},\"thumbnailUrl\":\"https:\\\/\\\/www.google.com\\\/recaptcha\\\/about\\\/images\\\/reCAPTCHA-logo@2x.png\",\"datePublished\":\"2023-06-06T08:21:26+00:00\",\"dateModified\":\"2023-11-06T15:13:44+00:00\",\"breadcrumb\":{\"@id\":\"https:\\\/\\\/polytech-nancy.univ-lorraine.fr\\\/en\\\/legal-notice\\\/#breadcrumb\"},\"inLanguage\":\"en-US\",\"potentialAction\":[{\"@type\":\"ReadAction\",\"target\":[\"https:\\\/\\\/polytech-nancy.univ-lorraine.fr\\\/en\\\/legal-notice\\\/\"]}]},{\"@type\":\"ImageObject\",\"inLanguage\":\"en-US\",\"@id\":\"https:\\\/\\\/polytech-nancy.univ-lorraine.fr\\\/en\\\/legal-notice\\\/#primaryimage\",\"url\":\"https:\\\/\\\/www.google.com\\\/recaptcha\\\/about\\\/images\\\/reCAPTCHA-logo@2x.png\",\"contentUrl\":\"https:\\\/\\\/www.google.com\\\/recaptcha\\\/about\\\/images\\\/reCAPTCHA-logo@2x.png\"},{\"@type\":\"BreadcrumbList\",\"@id\":\"https:\\\/\\\/polytech-nancy.univ-lorraine.fr\\\/en\\\/legal-notice\\\/#breadcrumb\",\"itemListElement\":[{\"@type\":\"ListItem\",\"position\":1,\"name\":\"Home\",\"item\":\"https:\\\/\\\/polytech-nancy.univ-lorraine.fr\\\/en\\\/\"},{\"@type\":\"ListItem\",\"position\":2,\"name\":\"Legal notice\"}]},{\"@type\":\"WebSite\",\"@id\":\"https:\\\/\\\/polytech-nancy.univ-lorraine.fr\\\/en\\\/#website\",\"url\":\"https:\\\/\\\/polytech-nancy.univ-lorraine.fr\\\/en\\\/\",\"name\":\"Polytech Nancy\",\"description\":\"\u00c9cole d&#039;ing\u00e9nieurs publique de l&#039;Universit\u00e9 de Lorraine\",\"publisher\":{\"@id\":\"https:\\\/\\\/polytech-nancy.univ-lorraine.fr\\\/en\\\/#organization\"},\"potentialAction\":[{\"@type\":\"SearchAction\",\"target\":{\"@type\":\"EntryPoint\",\"urlTemplate\":\"https:\\\/\\\/polytech-nancy.univ-lorraine.fr\\\/en\\\/?s={search_term_string}\"},\"query-input\":{\"@type\":\"PropertyValueSpecification\",\"valueRequired\":true,\"valueName\":\"search_term_string\"}}],\"inLanguage\":\"en-US\"},{\"@type\":\"Organization\",\"@id\":\"https:\\\/\\\/polytech-nancy.univ-lorraine.fr\\\/en\\\/#organization\",\"name\":\"Polytech Nancy\",\"url\":\"https:\\\/\\\/polytech-nancy.univ-lorraine.fr\\\/en\\\/\",\"logo\":{\"@type\":\"ImageObject\",\"inLanguage\":\"en-US\",\"@id\":\"https:\\\/\\\/polytech-nancy.univ-lorraine.fr\\\/en\\\/#\\\/schema\\\/logo\\\/image\\\/\",\"url\":\"https:\\\/\\\/polytech-nancy.univ-lorraine.fr\\\/wp-content\\\/uploads\\\/logo-polytech-nancy.svg\",\"contentUrl\":\"https:\\\/\\\/polytech-nancy.univ-lorraine.fr\\\/wp-content\\\/uploads\\\/logo-polytech-nancy.svg\",\"width\":257,\"height\":80,\"caption\":\"Polytech Nancy\"},\"image\":{\"@id\":\"https:\\\/\\\/polytech-nancy.univ-lorraine.fr\\\/en\\\/#\\\/schema\\\/logo\\\/image\\\/\"},\"sameAs\":[\"https:\\\/\\\/www.facebook.com\\\/PolytechNancy\\\/\",\"https:\\\/\\\/x.com\\\/PolytechNancy\",\"https:\\\/\\\/www.instagram.com\\\/polytechnancy\\\/\",\"https:\\\/\\\/www.youtube.com\\\/channel\\\/UCVa-BOR2klK-ljxGcT3lpOw\"]}]}<\/script>\n<!-- \/ Yoast SEO plugin. -->","yoast_head_json":{"title":"Legal notice - Polytech Nancy","robots":{"index":"index","follow":"follow","max-snippet":"max-snippet:-1","max-image-preview":"max-image-preview:large","max-video-preview":"max-video-preview:-1"},"canonical":"https:\/\/polytech-nancy.univ-lorraine.fr\/en\/legal-notice\/","og_locale":"en_US","og_type":"article","og_title":"Legal notice - Polytech Nancy","og_description":"Legal notice Polytech Nancy Polytechnic School of the University of Lorraine2 rue Jean LamourF-54500 Vand\u0153uvre l\u00e8s NancyTel. : +33 (0)3 72 74 69 00 Publishing director \u00c9ric GNAEDINGER Design and development Staminic Hosting Digital Services Department &#8211; Universit\u00e9 de Lorraine Editorial team Communication department Polytech Nancy :polytech-nancy-communication@univ-lorraine.fr Visual identity, photo credits Polytech Nancy, Club Multim\u00e9dia [&hellip;]","og_url":"https:\/\/polytech-nancy.univ-lorraine.fr\/en\/legal-notice\/","og_site_name":"Polytech Nancy","article_publisher":"https:\/\/www.facebook.com\/PolytechNancy\/","article_modified_time":"2023-11-06T15:13:44+00:00","og_image":[{"url":"https:\/\/www.google.com\/recaptcha\/about\/images\/reCAPTCHA-logo@2x.png","type":"","width":"","height":""}],"twitter_card":"summary_large_image","twitter_site":"@PolytechNancy","twitter_misc":{"Est. reading time":"2 minutes"},"schema":{"@context":"https:\/\/schema.org","@graph":[{"@type":"WebPage","@id":"https:\/\/polytech-nancy.univ-lorraine.fr\/en\/legal-notice\/","url":"https:\/\/polytech-nancy.univ-lorraine.fr\/en\/legal-notice\/","name":"Legal notice - Polytech Nancy","isPartOf":{"@id":"https:\/\/polytech-nancy.univ-lorraine.fr\/en\/#website"},"primaryImageOfPage":{"@id":"https:\/\/polytech-nancy.univ-lorraine.fr\/en\/legal-notice\/#primaryimage"},"image":{"@id":"https:\/\/polytech-nancy.univ-lorraine.fr\/en\/legal-notice\/#primaryimage"},"thumbnailUrl":"https:\/\/www.google.com\/recaptcha\/about\/images\/reCAPTCHA-logo@2x.png","datePublished":"2023-06-06T08:21:26+00:00","dateModified":"2023-11-06T15:13:44+00:00","breadcrumb":{"@id":"https:\/\/polytech-nancy.univ-lorraine.fr\/en\/legal-notice\/#breadcrumb"},"inLanguage":"en-US","potentialAction":[{"@type":"ReadAction","target":["https:\/\/polytech-nancy.univ-lorraine.fr\/en\/legal-notice\/"]}]},{"@type":"ImageObject","inLanguage":"en-US","@id":"https:\/\/polytech-nancy.univ-lorraine.fr\/en\/legal-notice\/#primaryimage","url":"https:\/\/www.google.com\/recaptcha\/about\/images\/reCAPTCHA-logo@2x.png","contentUrl":"https:\/\/www.google.com\/recaptcha\/about\/images\/reCAPTCHA-logo@2x.png"},{"@type":"BreadcrumbList","@id":"https:\/\/polytech-nancy.univ-lorraine.fr\/en\/legal-notice\/#breadcrumb","itemListElement":[{"@type":"ListItem","position":1,"name":"Home","item":"https:\/\/polytech-nancy.univ-lorraine.fr\/en\/"},{"@type":"ListItem","position":2,"name":"Legal notice"}]},{"@type":"WebSite","@id":"https:\/\/polytech-nancy.univ-lorraine.fr\/en\/#website","url":"https:\/\/polytech-nancy.univ-lorraine.fr\/en\/","name":"Polytech Nancy","description":"\u00c9cole d&#039;ing\u00e9nieurs publique de l&#039;Universit\u00e9 de Lorraine","publisher":{"@id":"https:\/\/polytech-nancy.univ-lorraine.fr\/en\/#organization"},"potentialAction":[{"@type":"SearchAction","target":{"@type":"EntryPoint","urlTemplate":"https:\/\/polytech-nancy.univ-lorraine.fr\/en\/?s={search_term_string}"},"query-input":{"@type":"PropertyValueSpecification","valueRequired":true,"valueName":"search_term_string"}}],"inLanguage":"en-US"},{"@type":"Organization","@id":"https:\/\/polytech-nancy.univ-lorraine.fr\/en\/#organization","name":"Polytech Nancy","url":"https:\/\/polytech-nancy.univ-lorraine.fr\/en\/","logo":{"@type":"ImageObject","inLanguage":"en-US","@id":"https:\/\/polytech-nancy.univ-lorraine.fr\/en\/#\/schema\/logo\/image\/","url":"https:\/\/polytech-nancy.univ-lorraine.fr\/wp-content\/uploads\/logo-polytech-nancy.svg","contentUrl":"https:\/\/polytech-nancy.univ-lorraine.fr\/wp-content\/uploads\/logo-polytech-nancy.svg","width":257,"height":80,"caption":"Polytech Nancy"},"image":{"@id":"https:\/\/polytech-nancy.univ-lorraine.fr\/en\/#\/schema\/logo\/image\/"},"sameAs":["https:\/\/www.facebook.com\/PolytechNancy\/","https:\/\/x.com\/PolytechNancy","https:\/\/www.instagram.com\/polytechnancy\/","https:\/\/www.youtube.com\/channel\/UCVa-BOR2klK-ljxGcT3lpOw"]}]}},"_links":{"self":[{"href":"https:\/\/polytech-nancy.univ-lorraine.fr\/en\/wp-json\/wp\/v2\/pages\/9377","targetHints":{"allow":["GET"]}}],"collection":[{"href":"https:\/\/polytech-nancy.univ-lorraine.fr\/en\/wp-json\/wp\/v2\/pages"}],"about":[{"href":"https:\/\/polytech-nancy.univ-lorraine.fr\/en\/wp-json\/wp\/v2\/types\/page"}],"author":[{"embeddable":true,"href":"https:\/\/polytech-nancy.univ-lorraine.fr\/en\/wp-json\/wp\/v2\/users\/1"}],"replies":[{"embeddable":true,"href":"https:\/\/polytech-nancy.univ-lorraine.fr\/en\/wp-json\/wp\/v2\/comments?post=9377"}],"version-history":[{"count":6,"href":"https:\/\/polytech-nancy.univ-lorraine.fr\/en\/wp-json\/wp\/v2\/pages\/9377\/revisions"}],"predecessor-version":[{"id":9423,"href":"https:\/\/polytech-nancy.univ-lorraine.fr\/en\/wp-json\/wp\/v2\/pages\/9377\/revisions\/9423"}],"wp:attachment":[{"href":"https:\/\/polytech-nancy.univ-lorraine.fr\/en\/wp-json\/wp\/v2\/media?parent=9377"}],"curies":[{"name":"wp","href":"https:\/\/api.w.org\/{rel}","templated":true}]}}